{"id":5072,"date":"2025-10-21T16:55:10","date_gmt":"2025-10-21T14:55:10","guid":{"rendered":"https:\/\/reinforce3d.com\/contacto\/"},"modified":"2026-04-01T12:07:30","modified_gmt":"2026-04-01T10:07:30","slug":"contacto","status":"publish","type":"page","link":"https:\/\/reinforce3d.com\/es\/contacto\/","title":{"rendered":"Contacto"},"content":{"rendered":"\t\t<div data-elementor-type=\"wp-page\" data-elementor-id=\"5072\" class=\"elementor elementor-5072 elementor-47\" data-elementor-post-type=\"page\">\n\t\t\t\t<div class=\"elementor-element elementor-element-ad5d3db e-flex e-con-boxed e-con e-parent\" data-id=\"ad5d3db\" data-element_type=\"container\" data-e-type=\"container\">\n\t\t\t\t\t<div class=\"e-con-inner\">\n\t\t<div class=\"elementor-element elementor-element-a287bd0 e-con-full e-flex e-con e-child\" data-id=\"a287bd0\" data-element_type=\"container\" data-e-type=\"container\">\n\t\t\t\t<div class=\"elementor-element elementor-element-3a119c5 elementor-widget elementor-widget-heading\" data-id=\"3a119c5\" data-element_type=\"widget\" data-e-type=\"widget\" data-widget_type=\"heading.default\">\n\t\t\t\t\t<h2 class=\"elementor-heading-title elementor-size-default\"><span class=\"r3dblack\">\u00bfListo para <\/span> potenciar tu pr\u00f3ximo proyecto?<\/h2>\t\t\t\t<\/div>\n\t\t\t\t<div class=\"elementor-element elementor-element-57d7088d elementor-widget elementor-widget-text-editor\" data-id=\"57d7088d\" data-element_type=\"widget\" data-e-type=\"widget\" data-widget_type=\"text-editor.default\">\n\t\t\t\t\t\t\t\t\t<p style=\"font-weight: 400;\">Tanto si tienes un reto t\u00e9cnico, un prototipo en mente o una necesidad de producci\u00f3n a gran escala, nuestro equipo est\u00e1 aqu\u00ed para ayudarte. Descubramos juntos c\u00f3mo CFIP puede ofrecer un rendimiento real para tu aplicaci\u00f3n.<\/p>\t\t\t\t\t\t\t\t<\/div>\n\t\t\t\t<\/div>\n\t\t<div class=\"elementor-element elementor-element-53f3c8b e-con-full e-flex e-con e-child\" data-id=\"53f3c8b\" data-element_type=\"container\" data-e-type=\"container\">\n\t\t\t\t<div class=\"elementor-element elementor-element-0a78e10 elementor-align-right elementor-widget elementor-widget-button\" data-id=\"0a78e10\" data-element_type=\"widget\" data-e-type=\"widget\" data-widget_type=\"button.default\">\n\t\t\t\t\t\t\t\t\t\t<a class=\"elementor-button elementor-button-link elementor-size-sm\" href=\"tel:+34682554415\" target=\"_blank\">\n\t\t\t\t\t\t<span class=\"elementor-button-content-wrapper\">\n\t\t\t\t\t\t<span class=\"elementor-button-icon\">\n\t\t\t\t<svg xmlns=\"http:\/\/www.w3.org\/2000\/svg\" width=\"57\" height=\"57\" viewBox=\"0 0 57 57\" fill=\"none\"><mask id=\"mask0_642_967\" style=\"mask-type:alpha\" maskUnits=\"userSpaceOnUse\" x=\"0\" y=\"0\" width=\"57\" height=\"57\"><rect width=\"56.559\" height=\"56.559\" fill=\"#D9D9D9\"><\/rect><\/mask><g mask=\"url(#mask0_642_967)\"><path d=\"M28.28 46.4255V44.7758H42.891C43.4016 44.7758 43.8435 44.6187 44.2166 44.3045C44.5898 43.9903 44.7763 43.5779 44.7763 43.0673V26.9833C44.7763 22.6236 43.1463 19.0003 39.8863 16.1134C36.6263 13.2266 32.7576 11.7831 28.28 11.7831C23.8024 11.7831 19.9336 13.2266 16.6736 16.1134C13.4136 19.0003 11.7836 22.6236 11.7836 26.9833V40.0626H10.9588C10.0947 40.0626 9.34843 39.7778 8.71999 39.2083C8.09156 38.6388 7.77734 37.922 7.77734 37.0579V32.6982C7.77734 32.0304 8.01301 31.4511 8.48433 30.9601C8.95566 30.4692 9.50553 30.0666 10.134 29.7524V26.9244C10.134 24.5285 10.6249 22.3094 11.6069 20.267C12.5888 18.2246 13.9046 16.4473 15.5542 14.9351C17.2038 13.4229 19.1284 12.2446 21.3279 11.4002C23.5274 10.5557 25.8448 10.1335 28.28 10.1335C30.7151 10.1335 33.0325 10.5557 35.232 11.4002C37.4315 12.2446 39.3561 13.4229 41.0057 14.9351C42.6554 16.4473 43.9712 18.2246 44.9531 20.267C45.935 22.3094 46.426 24.5285 46.426 26.9244V29.6935C47.0151 29.9684 47.5552 30.3219 48.0461 30.7539C48.5371 31.186 48.7826 31.7359 48.7826 32.4036V37.4114C48.7826 38.0791 48.5371 38.629 48.0461 39.061C47.5552 39.4931 47.0151 39.8466 46.426 40.1215V43.0673C46.426 44.0099 46.0823 44.8053 45.3949 45.4534C44.7076 46.1014 43.873 46.4255 42.891 46.4255H28.28ZM22.3884 31.5788C21.9564 31.5788 21.5734 31.4315 21.2396 31.1369C20.9057 30.8423 20.7388 30.479 20.7388 30.0469C20.7388 29.6149 20.9057 29.2418 21.2396 28.9276C21.5734 28.6133 21.9564 28.4562 22.3884 28.4562C22.8205 28.4562 23.2034 28.6133 23.5373 28.9276C23.8711 29.2418 24.038 29.6149 24.038 30.0469C24.038 30.479 23.8711 30.8423 23.5373 31.1369C23.2034 31.4315 22.8205 31.5788 22.3884 31.5788ZM34.1715 31.5788C33.7395 31.5788 33.3565 31.4315 33.0227 31.1369C32.6888 30.8423 32.5219 30.479 32.5219 30.0469C32.5219 29.6149 32.6888 29.2418 33.0227 28.9276C33.3565 28.6133 33.7395 28.4562 34.1715 28.4562C34.6036 28.4562 34.9865 28.6133 35.3204 28.9276C35.6542 29.2418 35.8212 29.6149 35.8212 30.0469C35.8212 30.479 35.6542 30.8423 35.3204 31.1369C34.9865 31.4315 34.6036 31.5788 34.1715 31.5788ZM16.3201 27.8082C16.1237 24.4696 17.2235 21.6318 19.6194 19.2949C22.0153 16.9579 24.9414 15.7894 28.3978 15.7894C31.3043 15.7894 33.8868 16.6437 36.1452 18.3522C38.4036 20.0608 39.7881 22.329 40.2987 25.157C37.3137 25.1177 34.5348 24.3714 31.9622 22.9182C29.3895 21.4649 27.4159 19.4225 26.0412 16.7909C25.4913 19.3832 24.3523 21.6417 22.6241 23.5662C20.8959 25.4908 18.7946 26.9048 16.3201 27.8082Z\" fill=\"#1C1B1F\"><\/path><\/g><\/svg>\t\t\t<\/span>\n\t\t\t\t\t\t\t\t\t<span class=\"elementor-button-text\">Programa una reuni\u00f3n<\/span>\n\t\t\t\t\t<\/span>\n\t\t\t\t\t<\/a>\n\t\t\t\t\t\t\t\t<\/div>\n\t\t\t\t<\/div>\n\t\t\t\t\t<\/div>\n\t\t\t\t<\/div>\n\t\t<div class=\"elementor-element elementor-element-fac795a e-flex e-con-boxed e-con e-parent\" data-id=\"fac795a\" data-element_type=\"container\" data-e-type=\"container\">\n\t\t\t\t\t<div class=\"e-con-inner\">\n\t\t<div class=\"elementor-element elementor-element-e700b48 e-con-full e-flex e-con e-child\" data-id=\"e700b48\" data-element_type=\"container\" data-e-type=\"container\" id=\"soporte\" data-settings=\"{&quot;background_background&quot;:&quot;classic&quot;}\">\n\t\t\t\t<div class=\"elementor-element elementor-element-93cafc5 elementor-widget elementor-widget-heading\" data-id=\"93cafc5\" data-element_type=\"widget\" data-e-type=\"widget\" data-widget_type=\"heading.default\">\n\t\t\t\t\t<h2 class=\"elementor-heading-title elementor-size-default\">FORMULARIO DE CONTACTO<\/h2>\t\t\t\t<\/div>\n\t\t\t\t<div class=\"elementor-element elementor-element-394e0496 elementor-widget elementor-widget-heading\" data-id=\"394e0496\" data-element_type=\"widget\" data-e-type=\"widget\" data-widget_type=\"heading.default\">\n\t\t\t\t\t<h3 class=\"elementor-heading-title elementor-size-default\">Cu\u00e9ntanos qu\u00e9 necesitas<\/h3>\t\t\t\t<\/div>\n\t\t\t\t<div class=\"elementor-element elementor-element-13e855e6 elementor-button-align-stretch elementor-widget elementor-widget-form\" data-id=\"13e855e6\" data-element_type=\"widget\" data-e-type=\"widget\" data-settings=\"{&quot;step_next_label&quot;:&quot;Siguiente&quot;,&quot;step_previous_label&quot;:&quot;Anterior&quot;,&quot;button_width&quot;:&quot;100&quot;,&quot;step_type&quot;:&quot;number_text&quot;,&quot;step_icon_shape&quot;:&quot;circle&quot;}\" data-widget_type=\"form.default\">\n\t\t\t\t\t\t\t<form class=\"elementor-form\" method=\"post\" name=\"Nuevo formulario\" aria-label=\"Nuevo formulario\">\n\t\t\t<input type=\"hidden\" name=\"post_id\" value=\"5072\"\/>\n\t\t\t<input type=\"hidden\" name=\"form_id\" value=\"13e855e6\"\/>\n\t\t\t<input type=\"hidden\" name=\"referer_title\" value=\"Contacto\" \/>\n\n\t\t\t\t\t\t\t<input type=\"hidden\" name=\"queried_id\" value=\"5072\"\/>\n\t\t\t\n\t\t\t<div class=\"elementor-form-fields-wrapper elementor-labels-above\">\n\t\t\t\t\t\t\t\t<div class=\"elementor-field-type-text elementor-field-group elementor-column elementor-field-group-name elementor-col-100 elementor-field-required\">\n\t\t\t\t\t\t\t\t\t\t\t\t<label for=\"form-field-name\" class=\"elementor-field-label\">\n\t\t\t\t\t\t\t\tNombre completo\t\t\t\t\t\t\t<\/label>\n\t\t\t\t\t\t\t\t\t\t\t\t\t\t<input size=\"1\" type=\"text\" name=\"form_fields[name]\" id=\"form-field-name\" class=\"elementor-field elementor-size-sm  elementor-field-textual\" required=\"required\">\n\t\t\t\t\t\t\t\t\t\t\t<\/div>\n\t\t\t\t\t\t\t\t<div class=\"elementor-field-type-email elementor-field-group elementor-column elementor-field-group-email elementor-col-50 elementor-field-required\">\n\t\t\t\t\t\t\t\t\t\t\t\t<label for=\"form-field-email\" class=\"elementor-field-label\">\n\t\t\t\t\t\t\t\tCorreo electr\u00f3nico\t\t\t\t\t\t\t<\/label>\n\t\t\t\t\t\t\t\t\t\t\t\t\t\t<input size=\"1\" type=\"email\" name=\"form_fields[email]\" id=\"form-field-email\" class=\"elementor-field elementor-size-sm  elementor-field-textual\" required=\"required\">\n\t\t\t\t\t\t\t\t\t\t\t<\/div>\n\t\t\t\t\t\t\t\t<div class=\"elementor-field-type-tel elementor-field-group elementor-column elementor-field-group-field_fd75ea4 elementor-col-50 elementor-field-required\">\n\t\t\t\t\t\t\t\t\t\t\t\t<label for=\"form-field-field_fd75ea4\" class=\"elementor-field-label\">\n\t\t\t\t\t\t\t\tN\u00famero de tel\u00e9fono\t\t\t\t\t\t\t<\/label>\n\t\t\t\t\t\t\t\t<input size=\"1\" type=\"tel\" name=\"form_fields[field_fd75ea4]\" id=\"form-field-field_fd75ea4\" class=\"elementor-field elementor-size-sm  elementor-field-textual\" required=\"required\" pattern=\"[0-9()#&amp;+*-=.]+\" title=\"Solo se aceptan n\u00fameros y caracteres de tel\u00e9fono (#,-,*,etc).\">\n\n\t\t\t\t\t\t<\/div>\n\t\t\t\t\t\t\t\t<div class=\"elementor-field-type-text elementor-field-group elementor-column elementor-field-group-field_263444c elementor-col-50 elementor-field-required\">\n\t\t\t\t\t\t\t\t\t\t\t\t<label for=\"form-field-field_263444c\" class=\"elementor-field-label\">\n\t\t\t\t\t\t\t\tEmpresa\t\t\t\t\t\t\t<\/label>\n\t\t\t\t\t\t\t\t\t\t\t\t\t\t<input size=\"1\" type=\"text\" name=\"form_fields[field_263444c]\" id=\"form-field-field_263444c\" class=\"elementor-field elementor-size-sm  elementor-field-textual\" required=\"required\">\n\t\t\t\t\t\t\t\t\t\t\t<\/div>\n\t\t\t\t\t\t\t\t<div class=\"elementor-field-type-select elementor-field-group elementor-column elementor-field-group-field_03afb8d elementor-col-50\">\n\t\t\t\t\t\t\t\t\t\t\t\t<label for=\"form-field-field_03afb8d\" class=\"elementor-field-label\">\n\t\t\t\t\t\t\t\tAsunto\t\t\t\t\t\t\t<\/label>\n\t\t\t\t\t\t\t\t<div class=\"elementor-field elementor-select-wrapper remove-before \">\n\t\t\t<div class=\"select-caret-down-wrapper\">\n\t\t\t\t<svg aria-hidden=\"true\" class=\"e-font-icon-svg e-eicon-caret-down\" viewBox=\"0 0 571.4 571.4\" xmlns=\"http:\/\/www.w3.org\/2000\/svg\"><path d=\"M571 393Q571 407 561 418L311 668Q300 679 286 679T261 668L11 418Q0 407 0 393T11 368 36 357H536Q550 357 561 368T571 393Z\"><\/path><\/svg>\t\t\t<\/div>\n\t\t\t<select name=\"form_fields[field_03afb8d]\" id=\"form-field-field_03afb8d\" class=\"elementor-field-textual elementor-size-sm\">\n\t\t\t\t\t\t\t\t\t<option value=\"\">Consulta general <\/option>\n\t\t\t\t\t\t\t\t\t<option value=\"\">Colaboraciones <\/option>\n\t\t\t\t\t\t\t\t\t<option value=\"\">Asistencia t\u00e9cnica <\/option>\n\t\t\t\t\t\t\t\t\t<option value=\" \">Solicitar una demostraci\u00f3n <\/option>\n\t\t\t\t\t\t\t\t\t<option value=\"  \">Otros <\/option>\n\t\t\t\t\t\t\t<\/select>\n\t\t<\/div>\n\t\t\t\t\t\t<\/div>\n\t\t\t\t\t\t\t\t<div class=\"elementor-field-type-textarea elementor-field-group elementor-column elementor-field-group-message elementor-col-100\">\n\t\t\t\t\t\t\t\t\t\t\t\t<label for=\"form-field-message\" class=\"elementor-field-label\">\n\t\t\t\t\t\t\t\tMensaje\t\t\t\t\t\t\t<\/label>\n\t\t\t\t\t\t<textarea class=\"elementor-field-textual elementor-field  elementor-size-sm\" name=\"form_fields[message]\" id=\"form-field-message\" rows=\"2\"><\/textarea>\t\t\t\t<\/div>\n\t\t\t\t\t\t\t\t<div class=\"elementor-field-type-checkbox elementor-field-group elementor-column elementor-field-group-field_70e3073 elementor-col-100\">\n\t\t\t\t\t<div class=\"elementor-field-subgroup  elementor-subgroup-inline\"><span class=\"elementor-field-option\"><input type=\"checkbox\" value=\"Acepto la &lt;a href=&quot;https:\/\/reinforce3d.com\/es\/politica-de-privacidad\/&quot; target=&quot;&quot; _blank=&quot;&quot;&gt;pol\u00edtica de privacidad&lt;\/a&gt;\" id=\"form-field-field_70e3073-0\" name=\"form_fields[field_70e3073]\"> <label for=\"form-field-field_70e3073-0\">Acepto la <a href=\"https:\/\/reinforce3d.com\/es\/politica-de-privacidad\/\" target=\"\" _blank=\"\">pol\u00edtica de privacidad<\/a><\/label><\/span><\/div>\t\t\t\t<\/div>\n\t\t\t\t\t\t\t\t<div class=\"elementor-field-type-recaptcha_v3 elementor-field-group elementor-column elementor-field-group-field_8239fc0 elementor-col-100 recaptcha_v3-bottomright\">\n\t\t\t\t\t<div class=\"elementor-field\" id=\"form-field-field_8239fc0\"><div class=\"elementor-g-recaptcha\" data-sitekey=\"6Lf7sx0sAAAAABLpA-YOf4z0x6AyS8junlOsMWIQ\" data-type=\"v3\" data-action=\"Form\" data-badge=\"bottomright\" data-size=\"invisible\"><\/div><\/div>\t\t\t\t<\/div>\n\t\t\t\t\t\t\t\t<div class=\"elementor-field-group elementor-column elementor-field-type-submit elementor-col-100 e-form__buttons\">\n\t\t\t\t\t<button class=\"elementor-button elementor-size-sm\" type=\"submit\">\n\t\t\t\t\t\t<span class=\"elementor-button-content-wrapper\">\n\t\t\t\t\t\t\t\t\t\t\t\t\t\t\t\t\t\t\t\t\t\t<span class=\"elementor-button-text\">ENVIAR<\/span>\n\t\t\t\t\t\t\t\t\t\t\t\t\t<\/span>\n\t\t\t\t\t<\/button>\n\t\t\t\t<\/div>\n\t\t\t<\/div>\n\t\t<\/form>\n\t\t\t\t\t\t<\/div>\n\t\t\t\t<\/div>\n\t\t<div class=\"elementor-element elementor-element-58e50d4 e-con-full e-flex e-con e-child\" data-id=\"58e50d4\" data-element_type=\"container\" data-e-type=\"container\" data-settings=\"{&quot;background_background&quot;:&quot;classic&quot;}\">\n\t\t\t\t<\/div>\n\t\t\t\t\t<\/div>\n\t\t\t\t<\/div>\n\t\t<div class=\"elementor-element elementor-element-20aea3b e-flex e-con-boxed e-con e-parent\" data-id=\"20aea3b\" data-element_type=\"container\" data-e-type=\"container\">\n\t\t\t\t\t<div class=\"e-con-inner\">\n\t\t<div class=\"elementor-element elementor-element-52230fd e-con-full e-flex e-con e-child\" data-id=\"52230fd\" data-element_type=\"container\" data-e-type=\"container\" data-settings=\"{&quot;background_background&quot;:&quot;classic&quot;}\">\n\t\t\t\t<div class=\"elementor-element elementor-element-3414fa7 elementor-widget elementor-widget-heading\" data-id=\"3414fa7\" data-element_type=\"widget\" data-e-type=\"widget\" data-widget_type=\"heading.default\">\n\t\t\t\t\t<h2 class=\"elementor-heading-title elementor-size-default\">FORMULARIO DE CONTACTO<\/h2>\t\t\t\t<\/div>\n\t\t\t\t<div class=\"elementor-element elementor-element-8bbdab2 elementor-widget elementor-widget-heading\" data-id=\"8bbdab2\" data-element_type=\"widget\" data-e-type=\"widget\" data-widget_type=\"heading.default\">\n\t\t\t\t\t<h3 class=\"elementor-heading-title elementor-size-default\">Cont\u00e1ctanos<br>directamente<\/h3>\t\t\t\t<\/div>\n\t\t\t\t<\/div>\n\t\t<div class=\"elementor-element elementor-element-298f730 e-con-full e-flex e-con e-child\" data-id=\"298f730\" data-element_type=\"container\" data-e-type=\"container\" data-settings=\"{&quot;background_background&quot;:&quot;gradient&quot;}\">\n\t\t\t\t<div class=\"elementor-element elementor-element-f6139a4 elementor-widget elementor-widget-heading\" data-id=\"f6139a4\" data-element_type=\"widget\" data-e-type=\"widget\" data-widget_type=\"heading.default\">\n\t\t\t\t\t<h2 class=\"elementor-heading-title elementor-size-default\">CORREO ELECTR\u00d3NICO<\/h2>\t\t\t\t<\/div>\n\t\t\t\t<div class=\"elementor-element elementor-element-2c62c3e elementor-widget elementor-widget-heading\" data-id=\"2c62c3e\" data-element_type=\"widget\" data-e-type=\"widget\" data-widget_type=\"heading.default\">\n\t\t\t\t\t<p class=\"elementor-heading-title elementor-size-default\"><a href=\"mailto:info@reinforce3d.com\" target=\"_blank\">info@reinforce3d.com<\/a><\/p>\t\t\t\t<\/div>\n\t\t\t\t<div class=\"elementor-element elementor-element-d1ca495 elementor-widget elementor-widget-heading\" data-id=\"d1ca495\" data-element_type=\"widget\" data-e-type=\"widget\" data-widget_type=\"heading.default\">\n\t\t\t\t\t<h2 class=\"elementor-heading-title elementor-size-default\">TEL\u00c9FONO<\/h2>\t\t\t\t<\/div>\n\t\t\t\t<div class=\"elementor-element elementor-element-12bf389 elementor-widget elementor-widget-heading\" data-id=\"12bf389\" data-element_type=\"widget\" data-e-type=\"widget\" data-widget_type=\"heading.default\">\n\t\t\t\t\t<p class=\"elementor-heading-title elementor-size-default\"><a href=\"tel:+34682554415\" target=\"_blank\">+34 682 55 44 15<\/a><\/p>\t\t\t\t<\/div>\n\t\t\t\t<div class=\"elementor-element elementor-element-e5e9e2b elementor-widget elementor-widget-heading\" data-id=\"e5e9e2b\" data-element_type=\"widget\" data-e-type=\"widget\" data-widget_type=\"heading.default\">\n\t\t\t\t\t<h2 class=\"elementor-heading-title elementor-size-default\">Direcci\u00f3n<\/h2>\t\t\t\t<\/div>\n\t\t\t\t<div class=\"elementor-element elementor-element-e1d7d5d elementor-widget elementor-widget-heading\" data-id=\"e1d7d5d\" data-element_type=\"widget\" data-e-type=\"widget\" data-widget_type=\"heading.default\">\n\t\t\t\t\t<p class=\"elementor-heading-title elementor-size-default\">C\/ Lligallo de Lorente, 3. Amposta, Tarragona, Espa\u00f1a <\/p>\t\t\t\t<\/div>\n\t\t\t\t<div class=\"elementor-element elementor-element-9408cdd elementor-widget elementor-widget-heading\" data-id=\"9408cdd\" data-element_type=\"widget\" data-e-type=\"widget\" data-widget_type=\"heading.default\">\n\t\t\t\t\t<h2 class=\"elementor-heading-title elementor-size-default\">HORARIO<\/h2>\t\t\t\t<\/div>\n\t\t\t\t<div class=\"elementor-element elementor-element-2252071 elementor-widget elementor-widget-heading\" data-id=\"2252071\" data-element_type=\"widget\" data-e-type=\"widget\" data-widget_type=\"heading.default\">\n\t\t\t\t\t<p class=\"elementor-heading-title elementor-size-default\">De lunes a viernes: 9:00 \u2013 18:00<\/p>\t\t\t\t<\/div>\n\t\t\t\t<\/div>\n\t\t\t\t\t<\/div>\n\t\t\t\t<\/div>\n\t\t<div class=\"elementor-element elementor-element-61f4553a e-flex e-con-boxed e-con e-parent\" data-id=\"61f4553a\" data-element_type=\"container\" data-e-type=\"container\">\n\t\t\t\t\t<div class=\"e-con-inner\">\n\t\t\t\t<div class=\"elementor-element elementor-element-6c78f2d9 elementor-widget elementor-widget-heading\" data-id=\"6c78f2d9\" data-element_type=\"widget\" data-e-type=\"widget\" data-widget_type=\"heading.default\">\n\t\t\t\t\t<h2 class=\"elementor-heading-title elementor-size-default\"><span class=\"r3dblack\">Mapa<\/span> y visitas<\/h2>\t\t\t\t<\/div>\n\t\t\t\t<div class=\"elementor-element elementor-element-351298f6 elementor-widget elementor-widget-text-editor\" data-id=\"351298f6\" data-element_type=\"widget\" data-e-type=\"widget\" data-widget_type=\"text-editor.default\">\n\t\t\t\t\t\t\t\t\t<p style=\"font-weight: 400;\">\u00bfQuieres ver el CFIP en acci\u00f3n? Te invitamos a realizar visitas presenciales y sesiones de demostraci\u00f3n en nuestras instalaciones de Amposta, Tarragona, Espa\u00f1a. Concierta tu visita con nuestro equipo.<\/p>\t\t\t\t\t\t\t\t<\/div>\n\t\t\t\t<div class=\"elementor-element elementor-element-ee110fe elementor-widget elementor-widget-google_maps\" data-id=\"ee110fe\" data-element_type=\"widget\" data-e-type=\"widget\" data-widget_type=\"google_maps.default\">\n\t\t\t\t\t\t\t<div class=\"elementor-custom-embed\">\n\t\t\t<iframe loading=\"lazy\"\n\t\t\t\t\tsrc=\"https:\/\/maps.google.com\/maps?q=C%2F%20Lligallo%20de%20Lorente%2C%203.%20Amposta%2C%20Tarragona%2C%20Spain&#038;t=m&#038;z=16&#038;output=embed&#038;iwloc=near\"\n\t\t\t\t\ttitle=\"C\/ Lligallo de Lorente, 3. Amposta, Tarragona, Spain\"\n\t\t\t\t\taria-label=\"C\/ Lligallo de Lorente, 3. Amposta, Tarragona, Spain\"\n\t\t\t><\/iframe>\n\t\t<\/div>\n\t\t\t\t\t\t<\/div>\n\t\t\t\t\t<\/div>\n\t\t\t\t<\/div>\n\t\t\t\t<\/div>\n\t\t","protected":false},"excerpt":{"rendered":"<p>\u00bfListo para potenciar tu pr\u00f3ximo proyecto? Tanto si tienes un reto t\u00e9cnico, un prototipo en mente o una necesidad de producci\u00f3n a gran escala, nuestro equipo est\u00e1 aqu\u00ed para ayudarte. Descubramos juntos c\u00f3mo CFIP puede ofrecer un rendimiento real para tu aplicaci\u00f3n. Programa una reuni\u00f3n FORMULARIO DE CONTACTO Cu\u00e9ntanos qu\u00e9 necesitas FORMULARIO DE CONTACTO Cont\u00e1ctanosdirectamente [&hellip;]<\/p>\n","protected":false},"author":2,"featured_media":4781,"parent":0,"menu_order":0,"comment_status":"closed","ping_status":"closed","template":"","meta":{"_acf_changed":false,"inline_featured_image":false,"footnotes":""},"class_list":["post-5072","page","type-page","status-publish","has-post-thumbnail","hentry"],"acf":[],"_links":{"self":[{"href":"https:\/\/reinforce3d.com\/es\/wp-json\/wp\/v2\/pages\/5072","targetHints":{"allow":["GET"]}}],"collection":[{"href":"https:\/\/reinforce3d.com\/es\/wp-json\/wp\/v2\/pages"}],"about":[{"href":"https:\/\/reinforce3d.com\/es\/wp-json\/wp\/v2\/types\/page"}],"author":[{"embeddable":true,"href":"https:\/\/reinforce3d.com\/es\/wp-json\/wp\/v2\/users\/2"}],"replies":[{"embeddable":true,"href":"https:\/\/reinforce3d.com\/es\/wp-json\/wp\/v2\/comments?post=5072"}],"version-history":[{"count":19,"href":"https:\/\/reinforce3d.com\/es\/wp-json\/wp\/v2\/pages\/5072\/revisions"}],"predecessor-version":[{"id":5312,"href":"https:\/\/reinforce3d.com\/es\/wp-json\/wp\/v2\/pages\/5072\/revisions\/5312"}],"wp:featuredmedia":[{"embeddable":true,"href":"https:\/\/reinforce3d.com\/es\/wp-json\/wp\/v2\/media\/4781"}],"wp:attachment":[{"href":"https:\/\/reinforce3d.com\/es\/wp-json\/wp\/v2\/media?parent=5072"}],"curies":[{"name":"wp","href":"https:\/\/api.w.org\/{rel}","templated":true}]}}