{"id":5070,"date":"2025-11-03T17:43:23","date_gmt":"2025-11-03T16:43:23","guid":{"rendered":"https:\/\/reinforce3d.com\/uso-de-cookies\/"},"modified":"2026-04-01T10:07:56","modified_gmt":"2026-04-01T08:07:56","slug":"uso-de-cookies","status":"publish","type":"page","link":"https:\/\/reinforce3d.com\/es\/uso-de-cookies\/","title":{"rendered":"Uso de cookies"},"content":{"rendered":"\t\t<div data-elementor-type=\"wp-page\" data-elementor-id=\"5070\" class=\"elementor elementor-5070 elementor-2921\" data-elementor-post-type=\"page\">\n\t\t\t\t<div class=\"elementor-element elementor-element-65a9c9f e-flex e-con-boxed e-con e-parent\" data-id=\"65a9c9f\" data-element_type=\"container\" data-e-type=\"container\">\n\t\t\t\t\t<div class=\"e-con-inner\">\n\t\t\t\t<div class=\"elementor-element elementor-element-e837442 elementor-widget elementor-widget-text-editor\" data-id=\"e837442\" data-element_type=\"widget\" data-e-type=\"widget\" data-widget_type=\"text-editor.default\">\n\t\t\t\t\t\t\t\t\t<p><strong>INFORMACI\u00d3N SOBRE COOKIES<\/strong><\/p><p>De conformidad con la Ley 34\/2002, de 11 de julio, de Servicios de la Sociedad de la Informaci\u00f3n y de Comercio Electr\u00f3nico (LSSI), en relaci\u00f3n con el Reglamento (UE) 2016\/679 del Parlamento Europeo y del Consejo, de 27 de abril de 2016, Reglamento General de Protecci\u00f3n de Datos (RGPD), y la Ley Org\u00e1nica 3\/2018, de 5 de diciembre, de Protecci\u00f3n de Datos Personales y garant\u00eda de los derechos digitales (LOPDGDD), es obligatorio obtener el consentimiento expreso del usuario de todas las p\u00e1ginas web que utilizan cookies no esenciales antes de que este navegue por ellas.<\/p><p><strong>\u00bfQU\u00c9 SON LAS COOKIES?<\/strong><\/p><p>Las cookies y otras tecnolog\u00edas similares, como los objetos locales compartidos, las flash cookies o los p\u00edxeles, son herramientas utilizadas por los servidores web para almacenar y recuperar informaci\u00f3n sobre sus visitantes, as\u00ed como para garantizar el correcto funcionamiento del sitio.<\/p><p>Mediante el uso de estos dispositivos, el servidor web es capaz de recordar ciertos datos sobre el usuario, como sus preferencias para la visualizaci\u00f3n de las p\u00e1ginas de ese servidor, nombre de usuario y contrase\u00f1a, productos de mayor inter\u00e9s, etc.<\/p><p><strong>COOKIES CUBIERTAS POR LA NORMATIVA Y COOKIES EXENTAS<\/strong><\/p><p>Seg\u00fan la directiva de la UE, las cookies que requieren el consentimiento informado del usuario son las cookies anal\u00edticas y las cookies de publicidad y afiliaci\u00f3n. Est\u00e1n exentas las cookies t\u00e9cnicas y las necesarias para el funcionamiento del sitio web o la prestaci\u00f3n de servicios expresamente solicitados por el usuario.<\/p><p><strong>TIPOS DE COOKIES<\/strong><\/p><p><strong>SEG\u00daN LA FINALIDAD<\/strong><\/p><p><strong>Cookies t\u00e9cnicas y funcionales:<\/strong><br \/>Permiten al usuario navegar por un sitio web, plataforma o aplicaci\u00f3n y utilizar las diferentes opciones o servicios disponibles en ella.<\/p><p><strong>Cookies anal\u00edticas:<\/strong><br \/>Permiten al responsable monitorizar y analizar el comportamiento del usuario en los sitios web a los que est\u00e1n vinculadas. La informaci\u00f3n recopilada se utiliza para medir la actividad y crear perfiles de navegaci\u00f3n del usuario con el fin de mejorar los servicios en funci\u00f3n de los datos de uso.<\/p><p><strong>Cookies publicitarias:<\/strong><br \/>Permiten la gesti\u00f3n m\u00e1s eficaz de los espacios publicitarios que, en su caso, el editor haya incluido en un sitio web, aplicaci\u00f3n o plataforma en funci\u00f3n de criterios como el contenido editado o la frecuencia de los anuncios.<\/p><p><strong>Cookies de publicidad comportamental:<\/strong><br \/>Recopilan informaci\u00f3n sobre las preferencias del usuario y sus elecciones personales (retargeting) para permitir una gesti\u00f3n eficaz de los espacios publicitarios.<\/p><p><strong>Cookies sociales:<\/strong><br \/>Son establecidas por plataformas de redes sociales para permitir compartir contenido con amigos y redes. Las plataformas sociales pueden rastrear su actividad fuera de los servicios, lo que puede afectar al contenido y los mensajes que visualiza en otros servicios.<\/p><p><strong>Cookies de afiliaci\u00f3n:<\/strong><br \/>Permiten el seguimiento de las visitas procedentes de otros sitios web con los que el sitio web tiene un acuerdo de afiliaci\u00f3n.<\/p><p><strong>Cookies de seguridad:<\/strong><br \/>Almacenan informaci\u00f3n cifrada para evitar que los datos almacenados sean vulnerables a ataques maliciosos de terceros.<\/p><p><strong>SEG\u00daN LA PROPIEDAD<\/strong><\/p><p><strong>Cookies propias:<\/strong><br \/>Se env\u00edan al dispositivo del usuario desde un dominio gestionado por el propietario del sitio web y desde el cual se presta el servicio solicitado.<\/p><p><strong>Cookies de terceros:<\/strong><br \/>Se env\u00edan al dispositivo del usuario desde un dominio no gestionado por el propietario del sitio web, sino por otra entidad que procesa los datos obtenidos a trav\u00e9s de las cookies.<\/p><p><strong>SEG\u00daN EL PLAZO DE CONSERVACI\u00d3N<\/strong><\/p><p><strong>Cookies de sesi\u00f3n:<\/strong><br \/>Est\u00e1n dise\u00f1adas para recopilar y almacenar datos mientras el usuario accede a un sitio web.<\/p><p><strong>Cookies persistentes:<\/strong><br \/>Almacenan datos en el dispositivo del usuario durante un periodo definido, que puede oscilar entre unos minutos y varios a\u00f1os.<\/p><p><strong>TRATAMIENTO DE DATOS PERSONALES<\/strong><\/p><p>REINFORCE3D, S.L. es el Responsable del tratamiento de los datos personales del Interesado y le informa que estos datos ser\u00e1n tratados de conformidad con lo dispuesto en el Reglamento (UE) 2016\/679 (RGPD). Se le facilita la siguiente informaci\u00f3n:<\/p><ul><li>Fin del tratamiento: Seg\u00fan se especifica en el apartado de cookies utilizadas en esta p\u00e1gina web.<\/li><li>Base jur\u00eddica: Salvo en los casos necesarios para la navegaci\u00f3n, basada en el consentimiento del interesado (Art. 6.1.a RGPD).<\/li><li>Criterios de conservaci\u00f3n de los datos: Seg\u00fan se especifica en el apartado de cookies de la web.<\/li><li>Comunicaci\u00f3n de los datos: No se comunicar\u00e1n los datos a terceros, salvo en el caso de cookies de terceros o por obligaci\u00f3n legal.<\/li><\/ul><p><strong>DERECHOS DEL INTERESADO<\/strong><\/p><p>El interesado tiene los siguientes derechos:<\/p><ul><li>Derecho a retirar el consentimiento en cualquier momento<\/li><li>Derecho de acceso, rectificaci\u00f3n, portabilidad y supresi\u00f3n de sus datos, y a la limitaci\u00f3n u oposici\u00f3n a su tratamiento<\/li><li>Derecho a presentar una reclamaci\u00f3n ante la autoridad de control (<a href=\"http:\/\/www.aepd.es\/\">www.aepd.es<\/a>) si considera que el tratamiento no se ajusta a la normativa vigente<\/li><\/ul><p><strong>DATOS DE CONTACTO PARA EJERCER SUS DERECHOS<\/strong><\/p><p>REINFORCE3D, S.L.<br \/>Calle Lligallo de Lorente, 3 \u2013 43870 Amposta (Tarragona), Espa\u00f1a<br \/>Correo electr\u00f3nico:<a href=\"mailto:info@reinforce3d.com\"> info@reinforce3d.com<\/a><\/p><p data-syno-attrs=\"{\">\u00a0<\/p>\t\t\t\t\t\t\t\t<\/div>\n\t\t\t\t\t<\/div>\n\t\t\t\t<\/div>\n\t\t\t\t<\/div>\n\t\t","protected":false},"excerpt":{"rendered":"<p>INFORMACI\u00d3N SOBRE COOKIES De conformidad con la Ley 34\/2002, de 11 de julio, de Servicios de la Sociedad de la Informaci\u00f3n y de Comercio Electr\u00f3nico (LSSI), en relaci\u00f3n con el Reglamento (UE) 2016\/679 del Parlamento Europeo y del Consejo, de 27 de abril de 2016, Reglamento General de Protecci\u00f3n de Datos (RGPD), y la Ley [&hellip;]<\/p>\n","protected":false},"author":6,"featured_media":4781,"parent":0,"menu_order":0,"comment_status":"closed","ping_status":"closed","template":"","meta":{"_acf_changed":false,"inline_featured_image":false,"footnotes":""},"class_list":["post-5070","page","type-page","status-publish","has-post-thumbnail","hentry"],"acf":[],"_links":{"self":[{"href":"https:\/\/reinforce3d.com\/es\/wp-json\/wp\/v2\/pages\/5070","targetHints":{"allow":["GET"]}}],"collection":[{"href":"https:\/\/reinforce3d.com\/es\/wp-json\/wp\/v2\/pages"}],"about":[{"href":"https:\/\/reinforce3d.com\/es\/wp-json\/wp\/v2\/types\/page"}],"author":[{"embeddable":true,"href":"https:\/\/reinforce3d.com\/es\/wp-json\/wp\/v2\/users\/6"}],"replies":[{"embeddable":true,"href":"https:\/\/reinforce3d.com\/es\/wp-json\/wp\/v2\/comments?post=5070"}],"version-history":[{"count":9,"href":"https:\/\/reinforce3d.com\/es\/wp-json\/wp\/v2\/pages\/5070\/revisions"}],"predecessor-version":[{"id":5256,"href":"https:\/\/reinforce3d.com\/es\/wp-json\/wp\/v2\/pages\/5070\/revisions\/5256"}],"wp:featuredmedia":[{"embeddable":true,"href":"https:\/\/reinforce3d.com\/es\/wp-json\/wp\/v2\/media\/4781"}],"wp:attachment":[{"href":"https:\/\/reinforce3d.com\/es\/wp-json\/wp\/v2\/media?parent=5070"}],"curies":[{"name":"wp","href":"https:\/\/api.w.org\/{rel}","templated":true}]}}