{"id":5068,"date":"2025-11-03T17:40:30","date_gmt":"2025-11-03T16:40:30","guid":{"rendered":"https:\/\/reinforce3d.com\/politica-de-privacidad\/"},"modified":"2026-04-01T10:11:17","modified_gmt":"2026-04-01T08:11:17","slug":"politica-de-privacidad","status":"publish","type":"page","link":"https:\/\/reinforce3d.com\/es\/politica-de-privacidad\/","title":{"rendered":"Pol\u00edtica de privacidad"},"content":{"rendered":"\t\t<div data-elementor-type=\"wp-page\" data-elementor-id=\"5068\" class=\"elementor elementor-5068 elementor-2914\" data-elementor-post-type=\"page\">\n\t\t\t\t<div class=\"elementor-element elementor-element-65a9c9f e-flex e-con-boxed e-con e-parent\" data-id=\"65a9c9f\" data-element_type=\"container\" data-e-type=\"container\">\n\t\t\t\t\t<div class=\"e-con-inner\">\n\t\t\t\t<div class=\"elementor-element elementor-element-e837442 elementor-widget elementor-widget-text-editor\" data-id=\"e837442\" data-element_type=\"widget\" data-e-type=\"widget\" data-widget_type=\"text-editor.default\">\n\t\t\t\t\t\t\t\t\t<p>Le damos la bienvenida al sitio web <a href=\"http:\/\/www.reinforce3d.com\/\">www.reinforce3d.com<\/a> (el \u00abSitio Web\u00bb). De conformidad con los principios de licitud, lealtad y transparencia, ponemos a su disposici\u00f3n esta Pol\u00edtica de Privacidad, que establece la informaci\u00f3n relativa al tratamiento de datos personales que REINFORCE3D, S.L. puede llevar a cabo a trav\u00e9s del Sitio Web y en el transcurso de sus actividades. <\/p><p> <\/p><p><strong>1. INFORMACI\u00d3N AL USUARIO<\/strong><\/p><p>\u00bfQui\u00e9n es el responsable del tratamiento de sus datos personales?<\/p><p>REINFORCE3D, S.L. es el RESPONSABLE del tratamiento de los datos personales del USUARIO y le informa de que dichos datos ser\u00e1n tratados de conformidad con el Reglamento (UE) 2016\/679, de 27 de abril (GDPR), y la Ley Org\u00e1nica 3\/2018, de 5 de diciembre (LOPDGDD).<\/p><p> <\/p><p>\u00bfPara qu\u00e9 tratamos sus datos personales y por qu\u00e9?<\/p><p>Dependiendo del formulario a trav\u00e9s del cual hayamos obtenido sus datos personales, los trataremos de forma confidencial para las siguientes finalidades:<\/p><p>Formulario de contacto:<\/p><ul><li>Para responder a consultas o a cualquier tipo de solicitud realizada por el usuario a trav\u00e9s de cualquiera de los m\u00e9todos de contacto puestos a su disposici\u00f3n en el sitio web del responsable (basado en el inter\u00e9s leg\u00edtimo del responsable, art. 6.1.f GDPR).<\/li><li>Para el env\u00edo de comunicaciones publicitarias comerciales por correo electr\u00f3nico, fax, SMS, MMS, redes sociales o cualquier otro medio electr\u00f3nico o f\u00edsico, presente o futuro, que permita dichas comunicaciones. Estas comunicaciones ser\u00e1n realizadas por el responsable y estar\u00e1n relacionadas con sus productos y servicios, o con los de sus colaboradores o proveedores con los que haya alcanzado acuerdos promocionales. En este caso, los terceros nunca tendr\u00e1n acceso a los datos personales (basado en el consentimiento del interesado, art. 6.1.a GDPR).  <\/li><li>Para realizar an\u00e1lisis estad\u00edsticos e investigaciones de mercado (basado en el inter\u00e9s leg\u00edtimo del responsable, art. 6.1.f GDPR).<\/li><\/ul><p> <\/p><p>\u00bfDurante cu\u00e1nto tiempo conservaremos sus datos personales?<\/p><p>Se conservar\u00e1n durante no m\u00e1s tiempo del necesario para cumplir los fines del tratamiento o mientras lo exijan las obligaciones legales. Una vez que ya no sean necesarios, se suprimir\u00e1n utilizando las medidas de seguridad adecuadas para garantizar la anonimizaci\u00f3n de los datos o su destrucci\u00f3n total. <\/p><p> <\/p><p>\u00bfA qui\u00e9n comunicamos sus datos personales?<\/p><p>No est\u00e1 prevista ninguna comunicaci\u00f3n de datos personales a terceros, salvo que sea necesario para el desarrollo y ejecuci\u00f3n de las finalidades del tratamiento, a nuestros proveedores de servicios relacionados con las comunicaciones, con los que el RESPONSABLE ha suscrito los contratos de confidencialidad y de encargado de tratamiento exigidos por la normativa vigente en materia de protecci\u00f3n de datos.<\/p><p> <\/p><p>\u00bfCu\u00e1les son sus derechos?<\/p><p>El USUARIO tiene los siguientes derechos:<\/p><ul><li>Derecho a retirar el consentimiento en cualquier momento<\/li><li>Derecho de acceso, rectificaci\u00f3n, portabilidad y supresi\u00f3n de sus datos, y a la limitaci\u00f3n u oposici\u00f3n a su tratamiento<\/li><li>Derecho a presentar una reclamaci\u00f3n ante la autoridad de control (<a href=\"http:\/\/www.aepd.es\/\">www.aepd.es<\/a>) si considera que el tratamiento no se ajusta a la normativa vigente<\/li><\/ul><p> <\/p><p>Datos de contacto para ejercer sus derechos:<\/p><p>REINFORCE3D, S.L.<br>Calle Lligallo de Lorente, 3 \u2013 43870 Amposta (Tarragona), Espa\u00f1a<br>Correo electr\u00f3nico: <a href=\"mailto:blanca.garro@reinforce3d.com\">blanca.garro@reinforce3d.com<\/a><\/p><p> <\/p><p><strong>2. CAR\u00c1CTER OBLIGATORIO O FACULTATIVO DE LA INFORMACI\u00d3N FACILITADA POR EL USUARIO<\/strong><\/p><p>Mediante la marcaci\u00f3n de las casillas correspondientes y la introducci\u00f3n de datos en los campos marcados con un asterisco (*) en el formulario de contacto o presentados en formularios de descarga, los USUARIOS aceptan de forma expresa, libre e inequ\u00edvoca que sus datos son necesarios para atender su petici\u00f3n por parte del prestador, siendo voluntaria la inclusi\u00f3n de datos en los campos restantes.<\/p><p>El USUARIO garantiza que los datos personales facilitados al RESPONSABLE son veraces y se hace responsable de comunicar cualquier modificaci\u00f3n de los mismos.<\/p><p>El RESPONSABLE informa de que todos los datos solicitados a trav\u00e9s del Sitio Web son obligatorios, ya que son necesarios para prestar un servicio \u00f3ptimo al USUARIO. En caso de que no se faciliten todos los datos, no se garantiza que la informaci\u00f3n y servicios facilitados se adecuen completamente a sus necesidades. <\/p><p> <\/p><p><strong>3. MEDIDAS DE SEGURIDAD<\/strong><\/p><p>De conformidad con la normativa vigente en materia de protecci\u00f3n de datos personales, el RESPONSABLE cumple con todas las disposiciones del GDPR y de la LOPDGDD para el tratamiento de los datos personales bajo su responsabilidad, y expresamente con los principios descritos en el art\u00edculo 5 del GDPR, por los cuales los datos son tratados de manera l\u00edcita, leal y transparente en relaci\u00f3n con el interesado y son adecuados, pertinentes y limitados a lo necesario en relaci\u00f3n con los fines para los que son tratados.<\/p><p>El RESPONSABLE garantiza que ha implementado pol\u00edticas t\u00e9cnicas y organizativas apropiadas para aplicar las medidas de seguridad establecidas por el GDPR y la LOPDGDD con el fin de proteger los derechos y libertades de los USUARIOS, y les ha facilitado la informaci\u00f3n adecuada para que puedan ejercerlos.<\/p><p> <\/p><p>Para m\u00e1s informaci\u00f3n sobre las garant\u00edas de privacidad, puede dirigirse al RESPONSABLE a trav\u00e9s de:<\/p><p>REINFORCE3D, S.L.<br>Calle Lligallo de Lorente, 3 \u2013 43870 Amposta (Tarragona), Espa\u00f1a<br>Correo electr\u00f3nico: <a href=\"mailto:info@reinforce3d.com\">info@reinforce3d.com<\/a><\/p>\t\t\t\t\t\t\t\t<\/div>\n\t\t\t\t\t<\/div>\n\t\t\t\t<\/div>\n\t\t\t\t<\/div>\n\t\t","protected":false},"excerpt":{"rendered":"<p>Le damos la bienvenida al sitio web www.reinforce3d.com (el \u00abSitio Web\u00bb). De conformidad con los principios de licitud, lealtad y transparencia, ponemos a su disposici\u00f3n esta Pol\u00edtica de Privacidad, que establece la informaci\u00f3n relativa al tratamiento de datos personales que REINFORCE3D, S.L. puede llevar a cabo a trav\u00e9s del Sitio Web y en el transcurso [&hellip;]<\/p>\n","protected":false},"author":6,"featured_media":4781,"parent":0,"menu_order":0,"comment_status":"closed","ping_status":"closed","template":"","meta":{"_acf_changed":false,"inline_featured_image":false,"footnotes":""},"class_list":["post-5068","page","type-page","status-publish","has-post-thumbnail","hentry"],"acf":[],"_links":{"self":[{"href":"https:\/\/reinforce3d.com\/es\/wp-json\/wp\/v2\/pages\/5068","targetHints":{"allow":["GET"]}}],"collection":[{"href":"https:\/\/reinforce3d.com\/es\/wp-json\/wp\/v2\/pages"}],"about":[{"href":"https:\/\/reinforce3d.com\/es\/wp-json\/wp\/v2\/types\/page"}],"author":[{"embeddable":true,"href":"https:\/\/reinforce3d.com\/es\/wp-json\/wp\/v2\/users\/6"}],"replies":[{"embeddable":true,"href":"https:\/\/reinforce3d.com\/es\/wp-json\/wp\/v2\/comments?post=5068"}],"version-history":[{"count":6,"href":"https:\/\/reinforce3d.com\/es\/wp-json\/wp\/v2\/pages\/5068\/revisions"}],"predecessor-version":[{"id":5260,"href":"https:\/\/reinforce3d.com\/es\/wp-json\/wp\/v2\/pages\/5068\/revisions\/5260"}],"wp:featuredmedia":[{"embeddable":true,"href":"https:\/\/reinforce3d.com\/es\/wp-json\/wp\/v2\/media\/4781"}],"wp:attachment":[{"href":"https:\/\/reinforce3d.com\/es\/wp-json\/wp\/v2\/media?parent=5068"}],"curies":[{"name":"wp","href":"https:\/\/api.w.org\/{rel}","templated":true}]}}