{"id":5047,"date":"2025-10-21T16:59:09","date_gmt":"2025-10-21T14:59:09","guid":{"rendered":"https:\/\/reinforce3d.com\/tecnologia-cfip\/"},"modified":"2026-04-02T11:00:50","modified_gmt":"2026-04-02T09:00:50","slug":"tecnologia-cfip","status":"publish","type":"page","link":"https:\/\/reinforce3d.com\/es\/tecnologia-cfip\/","title":{"rendered":"Tecnolog\u00eda CFIP"},"content":{"rendered":"\t\t<div data-elementor-type=\"wp-page\" data-elementor-id=\"5047\" class=\"elementor elementor-5047 elementor-44\" data-elementor-post-type=\"page\">\n\t\t\t\t<div class=\"elementor-element elementor-element-618b99f0 e-flex e-con-boxed e-con e-parent\" data-id=\"618b99f0\" data-element_type=\"container\" data-e-type=\"container\">\n\t\t\t\t\t<div class=\"e-con-inner\">\n\t\t\t\t<div class=\"elementor-element elementor-element-5c6fa8c4 elementor-widget elementor-widget-heading\" data-id=\"5c6fa8c4\" data-element_type=\"widget\" data-e-type=\"widget\" data-widget_type=\"heading.default\">\n\t\t\t\t\t<h2 class=\"elementor-heading-title elementor-size-default\">\u00bfY si sus piezas estuvieran reforzadas  <\/h2>\t\t\t\t<\/div>\n\t\t\t\t<div class=\"elementor-element elementor-element-203d426 elementor-widget elementor-widget-heading\" data-id=\"203d426\" data-element_type=\"widget\" data-e-type=\"widget\" data-widget_type=\"heading.default\">\n\t\t\t\t\t<h2 class=\"elementor-heading-title elementor-size-default\">de dentro hacia fuera?<\/h2>\t\t\t\t<\/div>\n\t\t\t\t<div class=\"elementor-element elementor-element-54490cf1 elementor-widget elementor-widget-text-editor\" data-id=\"54490cf1\" data-element_type=\"widget\" data-e-type=\"widget\" data-widget_type=\"text-editor.default\">\n\t\t\t\t\t\t\t\t\t<p style=\"font-weight: 400;\">CFIP es una tecnolog\u00eda patentada que inyecta fibras de carbono continuas en piezas con geometr\u00edas complejas, lo que permite alcanzar nuevos niveles de resistencia, reducci\u00f3n de peso y libertad de dise\u00f1o en la fabricaci\u00f3n aditiva.<\/p>\t\t\t\t\t\t\t\t<\/div>\n\t\t\t\t\t<\/div>\n\t\t\t\t<\/div>\n\t\t<div class=\"elementor-element elementor-element-45a316b8 e-flex e-con-boxed e-con e-parent\" data-id=\"45a316b8\" data-element_type=\"container\" data-e-type=\"container\">\n\t\t\t\t\t<div class=\"e-con-inner\">\n\t\t\t\t<div class=\"elementor-element elementor-element-5dd5eccd elementor-mobile-align-justify elementor-widget-mobile__width-inherit elementor-widget elementor-widget-button\" data-id=\"5dd5eccd\" data-element_type=\"widget\" data-e-type=\"widget\" data-widget_type=\"button.default\">\n\t\t\t\t\t\t\t\t\t\t<a class=\"elementor-button elementor-size-sm\" role=\"button\">\n\t\t\t\t\t\t<span class=\"elementor-button-content-wrapper\">\n\t\t\t\t\t\t<span class=\"elementor-button-icon\">\n\t\t\t\t<svg xmlns=\"http:\/\/www.w3.org\/2000\/svg\" width=\"57\" height=\"57\" viewBox=\"0 0 57 57\" fill=\"none\"><mask id=\"mask0_642_964\" style=\"mask-type:alpha\" maskUnits=\"userSpaceOnUse\" x=\"0\" y=\"0\" width=\"57\" height=\"57\"><rect width=\"56.559\" height=\"56.559\" fill=\"#D9D9D9\"><\/rect><\/mask><g mask=\"url(#mask0_642_964)\"><path d=\"M36.8812 47.9573V40.8874H27.4547V17.3212H19.6779V24.3911H6.24512V8.60168H19.6779V15.6716H36.8812V8.60168H50.314V24.3911H36.8812V17.3212H29.1044V39.2378H36.8812V32.1679H50.314V47.9573H36.8812ZM38.5309 22.7414H48.6643V10.2513H38.5309V22.7414ZM38.5309 46.3077H48.6643V33.8176H38.5309V46.3077ZM7.89475 22.7414H18.0282V10.2513H7.89475V22.7414Z\" fill=\"#1C1B1F\"><\/path><\/g><\/svg>\t\t\t<\/span>\n\t\t\t\t\t\t\t\t\t<span class=\"elementor-button-text\">Ver el proceso CFIP<\/span>\n\t\t\t\t\t<\/span>\n\t\t\t\t\t<\/a>\n\t\t\t\t\t\t\t\t<\/div>\n\t\t\t\t<div class=\"elementor-element elementor-element-112cb201 elementor-mobile-align-justify elementor-widget-mobile__width-inherit elementor-widget elementor-widget-button\" data-id=\"112cb201\" data-element_type=\"widget\" data-e-type=\"widget\" data-widget_type=\"button.default\">\n\t\t\t\t\t\t\t\t\t\t<a class=\"elementor-button elementor-button-link elementor-size-sm\" href=\"https:\/\/reinforce3d.com\/es\/contacto\/\">\n\t\t\t\t\t\t<span class=\"elementor-button-content-wrapper\">\n\t\t\t\t\t\t<span class=\"elementor-button-icon\">\n\t\t\t\t<svg xmlns=\"http:\/\/www.w3.org\/2000\/svg\" width=\"57\" height=\"57\" viewBox=\"0 0 57 57\" fill=\"none\"><mask id=\"mask0_642_967\" style=\"mask-type:alpha\" maskUnits=\"userSpaceOnUse\" x=\"0\" y=\"0\" width=\"57\" height=\"57\"><rect width=\"56.559\" height=\"56.559\" fill=\"#D9D9D9\"><\/rect><\/mask><g mask=\"url(#mask0_642_967)\"><path d=\"M28.28 46.4255V44.7758H42.891C43.4016 44.7758 43.8435 44.6187 44.2166 44.3045C44.5898 43.9903 44.7763 43.5779 44.7763 43.0673V26.9833C44.7763 22.6236 43.1463 19.0003 39.8863 16.1134C36.6263 13.2266 32.7576 11.7831 28.28 11.7831C23.8024 11.7831 19.9336 13.2266 16.6736 16.1134C13.4136 19.0003 11.7836 22.6236 11.7836 26.9833V40.0626H10.9588C10.0947 40.0626 9.34843 39.7778 8.71999 39.2083C8.09156 38.6388 7.77734 37.922 7.77734 37.0579V32.6982C7.77734 32.0304 8.01301 31.4511 8.48433 30.9601C8.95566 30.4692 9.50553 30.0666 10.134 29.7524V26.9244C10.134 24.5285 10.6249 22.3094 11.6069 20.267C12.5888 18.2246 13.9046 16.4473 15.5542 14.9351C17.2038 13.4229 19.1284 12.2446 21.3279 11.4002C23.5274 10.5557 25.8448 10.1335 28.28 10.1335C30.7151 10.1335 33.0325 10.5557 35.232 11.4002C37.4315 12.2446 39.3561 13.4229 41.0057 14.9351C42.6554 16.4473 43.9712 18.2246 44.9531 20.267C45.935 22.3094 46.426 24.5285 46.426 26.9244V29.6935C47.0151 29.9684 47.5552 30.3219 48.0461 30.7539C48.5371 31.186 48.7826 31.7359 48.7826 32.4036V37.4114C48.7826 38.0791 48.5371 38.629 48.0461 39.061C47.5552 39.4931 47.0151 39.8466 46.426 40.1215V43.0673C46.426 44.0099 46.0823 44.8053 45.3949 45.4534C44.7076 46.1014 43.873 46.4255 42.891 46.4255H28.28ZM22.3884 31.5788C21.9564 31.5788 21.5734 31.4315 21.2396 31.1369C20.9057 30.8423 20.7388 30.479 20.7388 30.0469C20.7388 29.6149 20.9057 29.2418 21.2396 28.9276C21.5734 28.6133 21.9564 28.4562 22.3884 28.4562C22.8205 28.4562 23.2034 28.6133 23.5373 28.9276C23.8711 29.2418 24.038 29.6149 24.038 30.0469C24.038 30.479 23.8711 30.8423 23.5373 31.1369C23.2034 31.4315 22.8205 31.5788 22.3884 31.5788ZM34.1715 31.5788C33.7395 31.5788 33.3565 31.4315 33.0227 31.1369C32.6888 30.8423 32.5219 30.479 32.5219 30.0469C32.5219 29.6149 32.6888 29.2418 33.0227 28.9276C33.3565 28.6133 33.7395 28.4562 34.1715 28.4562C34.6036 28.4562 34.9865 28.6133 35.3204 28.9276C35.6542 29.2418 35.8212 29.6149 35.8212 30.0469C35.8212 30.479 35.6542 30.8423 35.3204 31.1369C34.9865 31.4315 34.6036 31.5788 34.1715 31.5788ZM16.3201 27.8082C16.1237 24.4696 17.2235 21.6318 19.6194 19.2949C22.0153 16.9579 24.9414 15.7894 28.3978 15.7894C31.3043 15.7894 33.8868 16.6437 36.1452 18.3522C38.4036 20.0608 39.7881 22.329 40.2987 25.157C37.3137 25.1177 34.5348 24.3714 31.9622 22.9182C29.3895 21.4649 27.4159 19.4225 26.0412 16.7909C25.4913 19.3832 24.3523 21.6417 22.6241 23.5662C20.8959 25.4908 18.7946 26.9048 16.3201 27.8082Z\" fill=\"#1C1B1F\"><\/path><\/g><\/svg>\t\t\t<\/span>\n\t\t\t\t\t\t\t\t\t<span class=\"elementor-button-text\">Solicitar informaci\u00f3n t\u00e9cnica<\/span>\n\t\t\t\t\t<\/span>\n\t\t\t\t\t<\/a>\n\t\t\t\t\t\t\t\t<\/div>\n\t\t\t\t\t<\/div>\n\t\t\t\t<\/div>\n\t\t<div class=\"elementor-element elementor-element-51ff2a1 e-flex e-con-boxed e-con e-parent\" data-id=\"51ff2a1\" data-element_type=\"container\" data-e-type=\"container\" data-settings=\"{&quot;background_background&quot;:&quot;classic&quot;}\">\n\t\t\t\t\t<div class=\"e-con-inner\">\n\t\t\t\t<div class=\"elementor-element elementor-element-b29cf4a elementor-widget elementor-widget-image\" data-id=\"b29cf4a\" data-element_type=\"widget\" data-e-type=\"widget\" data-widget_type=\"image.default\">\n\t\t\t\t\t\t\t\t\t\t\t\t\t\t\t<img decoding=\"async\" src=\"https:\/\/new.reinforce3d.com\/wp-content\/uploads\/2025\/10\/logo_hex.png\" title=\"\" alt=\"\" loading=\"lazy\" \/>\t\t\t\t\t\t\t\t\t\t\t\t\t\t\t<\/div>\n\t\t\t\t<div class=\"elementor-element elementor-element-2280e42 elementor-widget elementor-widget-heading\" data-id=\"2280e42\" data-element_type=\"widget\" data-e-type=\"widget\" data-widget_type=\"heading.default\">\n\t\t\t\t\t<h4 class=\"elementor-heading-title elementor-size-default\">\u00bfPor qu\u00e9 el CFIP ofrece mejores resultados que el refuerzo tradicional?<\/h4>\t\t\t\t<\/div>\n\t\t\t\t<div class=\"elementor-element elementor-element-ecae5ef elementor-widget elementor-widget-heading\" data-id=\"ecae5ef\" data-element_type=\"widget\" data-e-type=\"widget\" data-widget_type=\"heading.default\">\n\t\t\t\t\t<h2 class=\"elementor-heading-title elementor-size-default\">M\u00e1s all\u00e1 de la resistencia superficial: fibra donde realmente importa. <span class=\"grunderline grunderline-48\">Tabla<\/span> <span class=\"grunderline grunderline-48\">comparativa:<\/span><\/h2>\t\t\t\t<\/div>\n\t\t\t\t<div class=\"elementor-element elementor-element-3855759 elementor-widget elementor-widget-image\" data-id=\"3855759\" data-element_type=\"widget\" data-e-type=\"widget\" data-widget_type=\"image.default\">\n\t\t\t\t\t\t\t\t\t\t\t\t\t\t\t<img fetchpriority=\"high\" decoding=\"async\" width=\"800\" height=\"398\" src=\"https:\/\/reinforce3d.com\/wp-content\/uploads\/2026\/03\/group_91-1024x509.webp\" class=\"attachment-large size-large wp-image-5129\" alt=\"\" srcset=\"https:\/\/reinforce3d.com\/wp-content\/uploads\/2026\/03\/group_91-1024x509.webp 1024w, https:\/\/reinforce3d.com\/wp-content\/uploads\/2026\/03\/group_91-300x149.webp 300w, https:\/\/reinforce3d.com\/wp-content\/uploads\/2026\/03\/group_91-768x382.webp 768w, https:\/\/reinforce3d.com\/wp-content\/uploads\/2026\/03\/group_91.webp 1408w\" sizes=\"(max-width: 800px) 100vw, 800px\" \/>\t\t\t\t\t\t\t\t\t\t\t\t\t\t\t<\/div>\n\t\t\t\t<div class=\"elementor-element elementor-element-fa0e3b7 elementor-widget elementor-widget-heading\" data-id=\"fa0e3b7\" data-element_type=\"widget\" data-e-type=\"widget\" data-widget_type=\"heading.default\">\n\t\t\t\t\t<h4 class=\"elementor-heading-title elementor-size-default\">\n\u00bfPor qu\u00e9 el CFIP ofrece mejores resultados que el refuerzo tradicional?\n<\/h4>\t\t\t\t<\/div>\n\t\t\t\t<div class=\"elementor-element elementor-element-53c3a37 elementor-widget elementor-widget-heading\" data-id=\"53c3a37\" data-element_type=\"widget\" data-e-type=\"widget\" data-widget_type=\"heading.default\">\n\t\t\t\t\t<h2 class=\"elementor-heading-title elementor-size-default\">Del dise\u00f1o digital <span class=\"grunderline grunderline-48\">a la realidad reforzada<\/span><\/h2>\t\t\t\t<\/div>\n\t\t\t\t<div class=\"elementor-element elementor-element-5be9264 elementor-widget elementor-widget-text-editor\" data-id=\"5be9264\" data-element_type=\"widget\" data-e-type=\"widget\" data-widget_type=\"text-editor.default\">\n\t\t\t\t\t\t\t\t\t<p style=\"font-weight: 400;\">CFIP es una integraci\u00f3n perfecta en su flujo de trabajo actual de fabricaci\u00f3n. Comienza en el CAD y termina en una pieza funcional y lista para la producci\u00f3n: m\u00e1s resistente, m\u00e1s ligera y optimizada para su entorno real.<\/p>\t\t\t\t\t\t\t\t<\/div>\n\t\t\t\t<div class=\"elementor-element elementor-element-771e0d5 elementor-widget elementor-widget-ucaddon_step_process\" data-id=\"771e0d5\" data-element_type=\"widget\" data-e-type=\"widget\" data-widget_type=\"ucaddon_step_process.default\">\n\t\t\t\t<div class=\"elementor-widget-container\">\n\t\t\t\t\t\n<!-- start Step Process -->\n\t\t<link id='font-awesome-css' href='https:\/\/reinforce3d.com\/wp-content\/plugins\/unlimited-elements-for-elementor-premium\/assets_libraries\/font-awesome6\/fontawesome-all.min.css' type='text\/css' rel='stylesheet' >\n\t\t<link id='font-awesome-4-shim-css' href='https:\/\/reinforce3d.com\/wp-content\/plugins\/unlimited-elements-for-elementor-premium\/assets_libraries\/font-awesome6\/fontawesome-v4-shims.min.css' type='text\/css' rel='stylesheet' >\n\n<style>\/* widget: Step Process *\/\n\n#uc_step_process_elementor_771e0d5\n{\n  display:flex;\n}\n\n#uc_step_process_elementor_771e0d5 .ue-link\n{\n  display:block;\n  position:absolute;\n  top:0px;\n  bottom:0px;\n  left:0px;\n  right:0px;\n}\n\n#uc_step_process_elementor_771e0d5 .ue-step-item\n{\n  flex:1;\n  display:flex;\n  flex-direction:column;\n  position:relative;\n}\n#uc_step_process_elementor_771e0d5 .ue-item-highlight\n{\n  display: flex;\n  align-items:center;\n  \n}\n\n#uc_step_process_elementor_771e0d5 .ue-step-item-gap\n{\n  flex-grow:0;\n  flex-shrink:0;\n}\n\n#uc_step_process_elementor_771e0d5 .ue-step-item-line\n{\n  height:3px;\n  flex-grow:1;\n}\n\n#uc_step_process_elementor_771e0d5 .ue-step-icon\n{\n  display:flex;\n  justify-content:center;\n  align-items:center;\n  flex-grow:0;\n  flex-shrink:0;\n  position:relative;\n  line-height:1em;\n  transition:0.3s;\n}\n\n#uc_step_process_elementor_771e0d5 .ue-icon svg\n{\n  height:1em;\n  width:1em;\n}\n\n#uc_step_process_elementor_771e0d5 .ue-step-label\n{\n  position:absolute;\n  left:0px;\n  top:0px;\n  display:flex;\n  justify-content:center;\n  align-items:center;\n}\n.ue-step-label\n{\n  font-size:9px;\n  line-height:1em;\n}\n\n#uc_step_process_elementor_771e0d5 .ue-step-item-content\n{\n}\n\n#uc_step_process_elementor_771e0d5 .ue-step-item:last-child .ue-step-item-line:last-child\n{\n  opacity:0;\n}\n\n#uc_step_process_elementor_771e0d5 .ue-step-item:first-child .ue-step-item-line:first-child\n{\n  opacity:0;\n}\n\n#uc_step_process_elementor_771e0d5 .ue-step-item-spacer\n{\n  flex-grow:0;\n  flex-shrink:0;\n  \n}\n\n#uc_step_process_elementor_771e0d5 .ue-graphic-image img\n{\n  \n}\n\n\n#uc_step_process_elementor_771e0d5.uc-remote-parent .ue-step-item\n{\n  cursor:pointer;\n}\n\n\n\n\n\n\n@media only screen and (max-width: 768px) {\n  #uc_step_process_elementor_771e0d5\n    {\n      flex-direction:column;\n    }\n  \n  #uc_step_process_elementor_771e0d5 .ue-step-item\n  {\n    flex-direction:row;\n  }\n  \n  #uc_step_process_elementor_771e0d5 .ue-item-highlight\n  {\n    flex-direction:column;\n  }\n  \n   #uc_step_process_elementor_771e0d5 .ue-step-item .ue-step-item-line:first-child\n    {\n      display:none;\n    }\n  \n\n    #uc_step_process_elementor_771e0d5  .ue-step-item-gap:nth-child(2)\n     {\n      display:none;    \n      }\n   #uc_step_process_elementor_771e0d5  .ue-step-item-line:first-child\n      {\n      display:none;    \n      }\n  \n    #uc_step_process_elementor_771e0d5  .ue-step-item-line\n      {\n        height:100%;\n        width:3px;\n      }\n}\n\n\n\n<\/style>\n\n<div id=\"uc_step_process_elementor_771e0d5\" class=\"uc-items-wrapper  \"  >\n <div class=\"ue-step-item ue-item elementor-repeater-item-9d77e9c\">\n    <div class=\"ue-item-highlight\">\n      \n      <div class=\"ue-step-item-line\"><\/div>\n      <div class=\"ue-step-item-gap\"><\/div>\n      <div class=\"ue-step-icon \">\n                <span class=\"ue-graphic-text\">01<\/span>                \n              <\/div>\n      <div class=\"ue-step-item-gap\"><\/div>\n      <div class=\"ue-step-item-line\"><\/div>\n      \n    <\/div>\n    \n    <div class=\"ue-step-item-spacer\"><\/div>\n    \n    <div class=\"ue-step-item-content\">  \n       <div class=\"ue-step-item-content-title\">Dise\u00f1a la pieza con canales de fibra<\/div>       <div class=\"ue-step-item-content-text\"><\/div>    <\/div>\n  \n    <\/div>\n<div class=\"ue-step-item ue-item elementor-repeater-item-d8083eb\">\n    <div class=\"ue-item-highlight\">\n      \n      <div class=\"ue-step-item-line\"><\/div>\n      <div class=\"ue-step-item-gap\"><\/div>\n      <div class=\"ue-step-icon \">\n                <span class=\"ue-graphic-text\">02<\/span>                \n              <\/div>\n      <div class=\"ue-step-item-gap\"><\/div>\n      <div class=\"ue-step-item-line\"><\/div>\n      \n    <\/div>\n    \n    <div class=\"ue-step-item-spacer\"><\/div>\n    \n    <div class=\"ue-step-item-content\">  \n       <div class=\"ue-step-item-content-title\">Utiliza nuestra herramienta Design Checker para validar las rutas<\/div>       <div class=\"ue-step-item-content-text\"><\/div>    <\/div>\n  \n    <\/div>\n<div class=\"ue-step-item ue-item elementor-repeater-item-785069d\">\n    <div class=\"ue-item-highlight\">\n      \n      <div class=\"ue-step-item-line\"><\/div>\n      <div class=\"ue-step-item-gap\"><\/div>\n      <div class=\"ue-step-icon \">\n                <span class=\"ue-graphic-text\">03<\/span>                \n              <\/div>\n      <div class=\"ue-step-item-gap\"><\/div>\n      <div class=\"ue-step-item-line\"><\/div>\n      \n    <\/div>\n    \n    <div class=\"ue-step-item-spacer\"><\/div>\n    \n    <div class=\"ue-step-item-content\">  \n       <div class=\"ue-step-item-content-title\">Imprime o moldea la pieza base<\/div>       <div class=\"ue-step-item-content-text\"><\/div>    <\/div>\n  \n    <\/div>\n<div class=\"ue-step-item ue-item elementor-repeater-item-0e502f5\">\n    <div class=\"ue-item-highlight\">\n      \n      <div class=\"ue-step-item-line\"><\/div>\n      <div class=\"ue-step-item-gap\"><\/div>\n      <div class=\"ue-step-icon \">\n                <span class=\"ue-graphic-text\">04<\/span>                \n              <\/div>\n      <div class=\"ue-step-item-gap\"><\/div>\n      <div class=\"ue-step-item-line\"><\/div>\n      \n    <\/div>\n    \n    <div class=\"ue-step-item-spacer\"><\/div>\n    \n    <div class=\"ue-step-item-content\">  \n       <div class=\"ue-step-item-content-title\">Coloca la pieza en el sistema DELTA<\/div>       <div class=\"ue-step-item-content-text\"><\/div>    <\/div>\n  \n    <\/div>\n<div class=\"ue-step-item ue-item elementor-repeater-item-15e0bac\">\n    <div class=\"ue-item-highlight\">\n      \n      <div class=\"ue-step-item-line\"><\/div>\n      <div class=\"ue-step-item-gap\"><\/div>\n      <div class=\"ue-step-icon \">\n                <span class=\"ue-graphic-text\">05<\/span>                \n              <\/div>\n      <div class=\"ue-step-item-gap\"><\/div>\n      <div class=\"ue-step-item-line\"><\/div>\n      \n    <\/div>\n    \n    <div class=\"ue-step-item-spacer\"><\/div>\n    \n    <div class=\"ue-step-item-content\">  \n       <div class=\"ue-step-item-content-title\">Inyecta fibra continua bajo par\u00e1metros controlados<\/div>       <div class=\"ue-step-item-content-text\"><\/div>    <\/div>\n  \n    <\/div>\n<div class=\"ue-step-item ue-item elementor-repeater-item-e84131e\">\n    <div class=\"ue-item-highlight\">\n      \n      <div class=\"ue-step-item-line\"><\/div>\n      <div class=\"ue-step-item-gap\"><\/div>\n      <div class=\"ue-step-icon \">\n                <span class=\"ue-graphic-text\">06<\/span>                \n              <\/div>\n      <div class=\"ue-step-item-gap\"><\/div>\n      <div class=\"ue-step-item-line\"><\/div>\n      \n    <\/div>\n    \n    <div class=\"ue-step-item-spacer\"><\/div>\n    \n    <div class=\"ue-step-item-content\">  \n       <div class=\"ue-step-item-content-title\">Cura, inspecciona, prueba e implementa<\/div>       <div class=\"ue-step-item-content-text\"><\/div>    <\/div>\n  \n    <\/div>\n\n<\/div>\n<!-- end Step Process -->\t\t\t\t<\/div>\n\t\t\t\t<\/div>\n\t\t\t\t<div class=\"elementor-element elementor-element-f70e908 elementor-align-center elementor-widget elementor-widget-button\" data-id=\"f70e908\" data-element_type=\"widget\" data-e-type=\"widget\" data-widget_type=\"button.default\">\n\t\t\t\t\t\t\t\t\t\t<a class=\"elementor-button elementor-button-link elementor-size-sm\" href=\"https:\/\/api.whatsapp.com\/send?phone=+34682554415&#038;text=hi!\">\n\t\t\t\t\t\t<span class=\"elementor-button-content-wrapper\">\n\t\t\t\t\t\t\t\t\t<span class=\"elementor-button-text\">Habla con un experto<\/span>\n\t\t\t\t\t<\/span>\n\t\t\t\t\t<\/a>\n\t\t\t\t\t\t\t\t<\/div>\n\t\t\t\t\t<\/div>\n\t\t\t\t<\/div>\n\t\t<div class=\"elementor-element elementor-element-38e904ef e-con-full fullw e-flex e-con e-parent\" data-id=\"38e904ef\" data-element_type=\"container\" data-e-type=\"container\" data-settings=\"{&quot;background_background&quot;:&quot;classic&quot;}\">\n\t\t<div class=\"elementor-element elementor-element-5c34f4cb e-con-full e-flex e-con e-child\" data-id=\"5c34f4cb\" data-element_type=\"container\" data-e-type=\"container\">\n\t\t\t\t<div class=\"elementor-element elementor-element-4142320f elementor-widget__width-inherit elementor-widget elementor-widget-heading\" data-id=\"4142320f\" data-element_type=\"widget\" data-e-type=\"widget\" data-widget_type=\"heading.default\">\n\t\t\t\t\t<h2 class=\"elementor-heading-title elementor-size-default\">Materiales compatibles<\/h2>\t\t\t\t<\/div>\n\t\t\t\t<div class=\"elementor-element elementor-element-51e4373f elementor-widget__width-inherit elementor-widget elementor-widget-heading\" data-id=\"51e4373f\" data-element_type=\"widget\" data-e-type=\"widget\" data-widget_type=\"heading.default\">\n\t\t\t\t\t<h2 class=\"elementor-heading-title elementor-size-default\">Dise\u00f1ado para reforzar lo que ya utilizas<\/h2>\t\t\t\t<\/div>\n\t\t\t\t<div class=\"elementor-element elementor-element-28a9bd32 elementor-widget elementor-widget-text-editor\" data-id=\"28a9bd32\" data-element_type=\"widget\" data-e-type=\"widget\" data-widget_type=\"text-editor.default\">\n\t\t\t\t\t\t\t\t\t<div>\u00a0<\/div><p style=\"font-weight: 400;\">CFIP es compatible con una amplia gama de materiales industriales, lo que te permite mejorar los dise\u00f1os existentes sin tener que empezar desde cero. Tanto si trabajas con PETG, nailon de alta temperatura o mezclas personalizadas, CFIP se adapta.<\/p><p>Fibras disponibles:<\/p><ul role=\"list\"><li>Fibra de carbono<\/li><li>Fibra de vidrio<\/li><li>Fibra de aramida<\/li><li>Otras composiciones<\/li><\/ul>\t\t\t\t\t\t\t\t<\/div>\n\t\t\t\t<\/div>\n\t\t<div class=\"elementor-element elementor-element-1e0f9648 e-con-full e-flex e-con e-child\" data-id=\"1e0f9648\" data-element_type=\"container\" data-e-type=\"container\" data-settings=\"{&quot;background_background&quot;:&quot;classic&quot;}\">\n\t\t\t\t<div class=\"elementor-element elementor-element-32df8f5a elementor-widget elementor-widget-heading\" data-id=\"32df8f5a\" data-element_type=\"widget\" data-e-type=\"widget\" data-widget_type=\"heading.default\">\n\t\t\t\t\t<h2 class=\"elementor-heading-title elementor-size-default\">Los materiales probados incluyen<\/h2>\t\t\t\t<\/div>\n\t\t\t\t<div class=\"elementor-element elementor-element-3a11bc47 elementor-skin-carousel elementor-pagination-type-bullets elementor-pagination-position-outside elementor-widget elementor-widget-media-carousel\" data-id=\"3a11bc47\" data-element_type=\"widget\" data-e-type=\"widget\" data-settings=\"{&quot;slides_per_view&quot;:&quot;3&quot;,&quot;slides_to_scroll&quot;:&quot;1&quot;,&quot;space_between&quot;:{&quot;unit&quot;:&quot;px&quot;,&quot;size&quot;:30,&quot;sizes&quot;:[]},&quot;skin&quot;:&quot;carousel&quot;,&quot;effect&quot;:&quot;slide&quot;,&quot;pagination&quot;:&quot;bullets&quot;,&quot;speed&quot;:500,&quot;autoplay&quot;:&quot;yes&quot;,&quot;autoplay_speed&quot;:5000,&quot;loop&quot;:&quot;yes&quot;,&quot;pause_on_hover&quot;:&quot;yes&quot;,&quot;pause_on_interaction&quot;:&quot;yes&quot;,&quot;space_between_tablet&quot;:{&quot;unit&quot;:&quot;px&quot;,&quot;size&quot;:10,&quot;sizes&quot;:[]},&quot;space_between_mobile&quot;:{&quot;unit&quot;:&quot;px&quot;,&quot;size&quot;:10,&quot;sizes&quot;:[]}}\" data-widget_type=\"media-carousel.default\">\n\t\t\t\t\t\t\t\t\t\t<div class=\"elementor-main-swiper swiper\" role=\"region\" aria-roledescription=\"carousel\" aria-label=\"Diapositivas\">\n\t\t\t\t<div class=\"swiper-wrapper\">\n\t\t\t\t\t\t\t\t\t\t\t<div class=\"swiper-slide\" role=\"group\" aria-roledescription=\"slide\">\n\t\t\t\t\t\t\t\t\t<div class=\"elementor-carousel-image\" role=\"img\" aria-label=\"petg\" style=\"background-image: url(&#039;https:\/\/reinforce3d.com\/wp-content\/uploads\/2025\/11\/petg.png&#039;)\">\n\n\t\t\t\n\t\t\t\t\t<\/div>\n\t\t\t\t\t<div class=\"elementor-carousel-image-overlay e-overlay-animation-fade\">\n\t\t\t\t\t\t\t<\/div>\n\t\t\t\t\t\t\t\t\t<\/div>\n\t\t\t\t\t\t\t\t\t\t\t<div class=\"swiper-slide\" role=\"group\" aria-roledescription=\"slide\">\n\t\t\t\t\t\t\t\t\t<div class=\"elementor-carousel-image\" role=\"img\" aria-label=\"pa6\" style=\"background-image: url(&#039;https:\/\/reinforce3d.com\/wp-content\/uploads\/2025\/11\/pa6-1.png&#039;)\">\n\n\t\t\t\n\t\t\t\t\t<\/div>\n\t\t\t\t\t<div class=\"elementor-carousel-image-overlay e-overlay-animation-fade\">\n\t\t\t\t\t\t\t<\/div>\n\t\t\t\t\t\t\t\t\t<\/div>\n\t\t\t\t\t\t\t\t\t\t\t<div class=\"swiper-slide\" role=\"group\" aria-roledescription=\"slide\">\n\t\t\t\t\t\t\t\t\t<div class=\"elementor-carousel-image\" role=\"img\" aria-label=\"Mezclas de PC\" style=\"background-image: url(&#039;https:\/\/reinforce3d.com\/wp-content\/uploads\/2025\/11\/PC-blends.webp&#039;)\">\n\n\t\t\t\n\t\t\t\t\t<\/div>\n\t\t\t\t\t<div class=\"elementor-carousel-image-overlay e-overlay-animation-fade\">\n\t\t\t\t\t\t\t<\/div>\n\t\t\t\t\t\t\t\t\t<\/div>\n\t\t\t\t\t\t\t\t\t\t\t<div class=\"swiper-slide\" role=\"group\" aria-roledescription=\"slide\">\n\t\t\t\t\t\t\t\t\t<div class=\"elementor-carousel-image\" role=\"img\" aria-label=\"Termopl\u00e1sticos de ingenier\u00eda de alta temperatura\" style=\"background-image: url(&#039;https:\/\/reinforce3d.com\/wp-content\/uploads\/2025\/11\/High_temp_engineering_thermoplastics.webp&#039;)\">\n\n\t\t\t\n\t\t\t\t\t<\/div>\n\t\t\t\t\t<div class=\"elementor-carousel-image-overlay e-overlay-animation-fade\">\n\t\t\t\t\t\t\t<\/div>\n\t\t\t\t\t\t\t\t\t<\/div>\n\t\t\t\t\t\t\t\t\t<\/div>\n\t\t\t\t\t\t\t\t\t\t\t\t\t\t\t\t\t\t\t\t<div class=\"swiper-pagination\"><\/div>\n\t\t\t\t\t\t\t\t\t\t\t\t<\/div>\n\t\t\t\t\t\t\t\t<\/div>\n\t\t\t\t<\/div>\n\t\t\t\t<\/div>\n\t\t\t\t<\/div>\n\t\t","protected":false},"excerpt":{"rendered":"<p>\u00bfY si sus piezas estuvieran reforzadas de dentro hacia fuera? CFIP es una tecnolog\u00eda patentada que inyecta fibras de carbono continuas en piezas con geometr\u00edas complejas, lo que permite alcanzar nuevos niveles de resistencia, reducci\u00f3n de peso y libertad de dise\u00f1o en la fabricaci\u00f3n aditiva. Ver el proceso CFIP Solicitar informaci\u00f3n t\u00e9cnica \u00bfPor qu\u00e9 el [&hellip;]<\/p>\n","protected":false},"author":2,"featured_media":5048,"parent":0,"menu_order":0,"comment_status":"closed","ping_status":"closed","template":"","meta":{"_acf_changed":false,"inline_featured_image":false,"footnotes":""},"class_list":["post-5047","page","type-page","status-publish","has-post-thumbnail","hentry"],"acf":[],"_links":{"self":[{"href":"https:\/\/reinforce3d.com\/es\/wp-json\/wp\/v2\/pages\/5047","targetHints":{"allow":["GET"]}}],"collection":[{"href":"https:\/\/reinforce3d.com\/es\/wp-json\/wp\/v2\/pages"}],"about":[{"href":"https:\/\/reinforce3d.com\/es\/wp-json\/wp\/v2\/types\/page"}],"author":[{"embeddable":true,"href":"https:\/\/reinforce3d.com\/es\/wp-json\/wp\/v2\/users\/2"}],"replies":[{"embeddable":true,"href":"https:\/\/reinforce3d.com\/es\/wp-json\/wp\/v2\/comments?post=5047"}],"version-history":[{"count":24,"href":"https:\/\/reinforce3d.com\/es\/wp-json\/wp\/v2\/pages\/5047\/revisions"}],"predecessor-version":[{"id":5371,"href":"https:\/\/reinforce3d.com\/es\/wp-json\/wp\/v2\/pages\/5047\/revisions\/5371"}],"wp:featuredmedia":[{"embeddable":true,"href":"https:\/\/reinforce3d.com\/es\/wp-json\/wp\/v2\/media\/5048"}],"wp:attachment":[{"href":"https:\/\/reinforce3d.com\/es\/wp-json\/wp\/v2\/media?parent=5047"}],"curies":[{"name":"wp","href":"https:\/\/api.w.org\/{rel}","templated":true}]}}