{"id":5041,"date":"2025-11-04T08:54:16","date_gmt":"2025-11-04T07:54:16","guid":{"rendered":"https:\/\/reinforce3d.com\/medico\/"},"modified":"2026-03-31T10:24:56","modified_gmt":"2026-03-31T08:24:56","slug":"medico","status":"publish","type":"page","link":"https:\/\/reinforce3d.com\/es\/medico\/","title":{"rendered":"M\u00e9dico"},"content":{"rendered":"\t\t<div data-elementor-type=\"wp-page\" data-elementor-id=\"5041\" class=\"elementor elementor-5041 elementor-3110\" data-elementor-post-type=\"page\">\n\t\t\t\t<div class=\"elementor-element elementor-element-37d71479 e-flex e-con-boxed e-con e-parent\" data-id=\"37d71479\" data-element_type=\"container\" data-e-type=\"container\">\n\t\t\t\t\t<div class=\"e-con-inner\">\n\t\t\t\t<div class=\"elementor-element elementor-element-6ae3ad94 elementor-widget elementor-widget-heading\" data-id=\"6ae3ad94\" data-element_type=\"widget\" data-e-type=\"widget\" data-widget_type=\"heading.default\">\n\t\t\t\t\t<h2 class=\"elementor-heading-title elementor-size-default\">Seguro, resistente <span class=\"r3dblack\">y adaptado al paciente<\/span><\/h2>\t\t\t\t<\/div>\n\t\t\t\t<div class=\"elementor-element elementor-element-75e3913f elementor-widget elementor-widget-text-editor\" data-id=\"75e3913f\" data-element_type=\"widget\" data-e-type=\"widget\" data-widget_type=\"text-editor.default\">\n\t\t\t\t\t\t\t\t\t<p style=\"font-weight: 400;\">En el \u00e1mbito sanitario, la personalizaci\u00f3n es fundamental. La tecnolog\u00eda CFIP permite fabricar dispositivos y herramientas espec\u00edficos para cada paciente que no solo se ajustan con precisi\u00f3n a la anatom\u00eda, sino que tambi\u00e9n est\u00e1n reforzados para soportar condiciones de uso exigentes.<\/p>\t\t\t\t\t\t\t\t<\/div>\n\t\t\t\t\t<\/div>\n\t\t\t\t<\/div>\n\t\t<div class=\"elementor-element elementor-element-4697aeb e-flex e-con-boxed e-con e-parent\" data-id=\"4697aeb\" data-element_type=\"container\" data-e-type=\"container\">\n\t\t\t\t\t<div class=\"e-con-inner\">\n\t\t<div class=\"elementor-element elementor-element-15c95ec e-con-full e-flex e-con e-child\" data-id=\"15c95ec\" data-element_type=\"container\" data-e-type=\"container\" data-settings=\"{&quot;background_background&quot;:&quot;classic&quot;}\">\n\t\t\t\t<div class=\"elementor-element elementor-element-8685874 elementor-widget elementor-widget-heading\" data-id=\"8685874\" data-element_type=\"widget\" data-e-type=\"widget\" data-widget_type=\"heading.default\">\n\t\t\t\t\t<h2 class=\"elementor-heading-title elementor-size-default\">Aplicaciones<\/h2>\t\t\t\t<\/div>\n\t\t\t\t<div class=\"elementor-element elementor-element-e7799e4 elementor-widget elementor-widget-heading\" data-id=\"e7799e4\" data-element_type=\"widget\" data-e-type=\"widget\" data-widget_type=\"heading.default\">\n\t\t\t\t\t<h3 class=\"elementor-heading-title elementor-size-default\">Ortesis y aparatos ortop\u00e9dicos a medida<\/h3>\t\t\t\t<\/div>\n\t\t\t\t<\/div>\n\t\t<div class=\"elementor-element elementor-element-425731d2 e-con-full e-flex e-con e-child\" data-id=\"425731d2\" data-element_type=\"container\" data-e-type=\"container\" data-settings=\"{&quot;background_background&quot;:&quot;classic&quot;}\">\n\t\t\t\t<div class=\"elementor-element elementor-element-214721fd elementor-widget elementor-widget-heading\" data-id=\"214721fd\" data-element_type=\"widget\" data-e-type=\"widget\" data-widget_type=\"heading.default\">\n\t\t\t\t\t<h2 class=\"elementor-heading-title elementor-size-default\">Aplicaciones<\/h2>\t\t\t\t<\/div>\n\t\t\t\t<div class=\"elementor-element elementor-element-6eb7bc2e elementor-widget elementor-widget-heading\" data-id=\"6eb7bc2e\" data-element_type=\"widget\" data-e-type=\"widget\" data-widget_type=\"heading.default\">\n\t\t\t\t\t<h3 class=\"elementor-heading-title elementor-size-default\">Bandejas quir\u00fargicas y pinzas<\/h3>\t\t\t\t<\/div>\n\t\t\t\t<\/div>\n\t\t<div class=\"elementor-element elementor-element-33e8456 e-con-full e-flex e-con e-child\" data-id=\"33e8456\" data-element_type=\"container\" data-e-type=\"container\" data-settings=\"{&quot;background_background&quot;:&quot;classic&quot;}\">\n\t\t\t\t<div class=\"elementor-element elementor-element-844f7f2 elementor-widget elementor-widget-heading\" data-id=\"844f7f2\" data-element_type=\"widget\" data-e-type=\"widget\" data-widget_type=\"heading.default\">\n\t\t\t\t\t<h2 class=\"elementor-heading-title elementor-size-default\">Aplicaciones<\/h2>\t\t\t\t<\/div>\n\t\t\t\t<div class=\"elementor-element elementor-element-2012d8b elementor-widget elementor-widget-heading\" data-id=\"2012d8b\" data-element_type=\"widget\" data-e-type=\"widget\" data-widget_type=\"heading.default\">\n\t\t\t\t\t<h3 class=\"elementor-heading-title elementor-size-default\">Carcasas para equipos de diagn\u00f3stico<\/h3>\t\t\t\t<\/div>\n\t\t\t\t<div class=\"elementor-element elementor-element-12b793d elementor-widget elementor-widget-image\" data-id=\"12b793d\" data-element_type=\"widget\" data-e-type=\"widget\" data-widget_type=\"image.default\">\n\t\t\t\t\t\t\t\t\t\t\t\t\t\t\t<img fetchpriority=\"high\" decoding=\"async\" width=\"800\" height=\"740\" src=\"https:\/\/reinforce3d.com\/wp-content\/uploads\/2025\/11\/ezgif-244322c664c11a5b-2.gif\" class=\"attachment-large size-large wp-image-4759\" alt=\"\" \/>\t\t\t\t\t\t\t\t\t\t\t\t\t\t\t<\/div>\n\t\t\t\t<\/div>\n\t\t\t\t\t<\/div>\n\t\t\t\t<\/div>\n\t\t<div class=\"elementor-element elementor-element-b091b18 fullw e-flex e-con-boxed e-con e-parent\" data-id=\"b091b18\" data-element_type=\"container\" data-e-type=\"container\" data-settings=\"{&quot;background_background&quot;:&quot;gradient&quot;}\">\n\t\t\t\t\t<div class=\"e-con-inner\">\n\t\t<div class=\"elementor-element elementor-element-e846a02 e-con-full e-flex e-con e-child\" data-id=\"e846a02\" data-element_type=\"container\" data-e-type=\"container\">\n\t\t\t\t<div class=\"elementor-element elementor-element-8ba41ff elementor-widget elementor-widget-heading\" data-id=\"8ba41ff\" data-element_type=\"widget\" data-e-type=\"widget\" data-widget_type=\"heading.default\">\n\t\t\t\t\t<h2 class=\"elementor-heading-title elementor-size-default\">VENTAJA<\/h2>\t\t\t\t<\/div>\n\t\t\t\t<div class=\"elementor-element elementor-element-794ed08 elementor-widget elementor-widget-heading\" data-id=\"794ed08\" data-element_type=\"widget\" data-e-type=\"widget\" data-widget_type=\"heading.default\">\n\t\t\t\t\t<h3 class=\"elementor-heading-title elementor-size-default\">Ligereza bajo tensi\u00f3n<\/h3>\t\t\t\t<\/div>\n\t\t\t\t<\/div>\n\t\t<div class=\"elementor-element elementor-element-7342f85 e-con-full e-flex e-con e-child\" data-id=\"7342f85\" data-element_type=\"container\" data-e-type=\"container\">\n\t\t\t\t<\/div>\n\t\t\t\t\t<\/div>\n\t\t\t\t<\/div>\n\t\t\t\t<\/div>\n\t\t","protected":false},"excerpt":{"rendered":"<p>Seguro, resistente y adaptado al paciente En el \u00e1mbito sanitario, la personalizaci\u00f3n es fundamental. La tecnolog\u00eda CFIP permite fabricar dispositivos y herramientas espec\u00edficos para cada paciente que no solo se ajustan con precisi\u00f3n a la anatom\u00eda, sino que tambi\u00e9n est\u00e1n reforzados para soportar condiciones de uso exigentes. Aplicaciones Ortesis y aparatos ortop\u00e9dicos a medida Aplicaciones [&hellip;]<\/p>\n","protected":false},"author":6,"featured_media":5042,"parent":0,"menu_order":0,"comment_status":"closed","ping_status":"closed","template":"","meta":{"_acf_changed":false,"inline_featured_image":false,"footnotes":""},"class_list":["post-5041","page","type-page","status-publish","has-post-thumbnail","hentry"],"acf":[],"_links":{"self":[{"href":"https:\/\/reinforce3d.com\/es\/wp-json\/wp\/v2\/pages\/5041","targetHints":{"allow":["GET"]}}],"collection":[{"href":"https:\/\/reinforce3d.com\/es\/wp-json\/wp\/v2\/pages"}],"about":[{"href":"https:\/\/reinforce3d.com\/es\/wp-json\/wp\/v2\/types\/page"}],"author":[{"embeddable":true,"href":"https:\/\/reinforce3d.com\/es\/wp-json\/wp\/v2\/users\/6"}],"replies":[{"embeddable":true,"href":"https:\/\/reinforce3d.com\/es\/wp-json\/wp\/v2\/comments?post=5041"}],"version-history":[{"count":4,"href":"https:\/\/reinforce3d.com\/es\/wp-json\/wp\/v2\/pages\/5041\/revisions"}],"predecessor-version":[{"id":5153,"href":"https:\/\/reinforce3d.com\/es\/wp-json\/wp\/v2\/pages\/5041\/revisions\/5153"}],"wp:featuredmedia":[{"embeddable":true,"href":"https:\/\/reinforce3d.com\/es\/wp-json\/wp\/v2\/media\/5042"}],"wp:attachment":[{"href":"https:\/\/reinforce3d.com\/es\/wp-json\/wp\/v2\/media?parent=5041"}],"curies":[{"name":"wp","href":"https:\/\/api.w.org\/{rel}","templated":true}]}}