{"id":5035,"date":"2025-11-04T09:08:58","date_gmt":"2025-11-04T08:08:58","guid":{"rendered":"https:\/\/reinforce3d.com\/deporte-y-alto-rendimiento\/"},"modified":"2026-03-31T10:28:03","modified_gmt":"2026-03-31T08:28:03","slug":"deporte-y-alto-rendimiento","status":"publish","type":"page","link":"https:\/\/reinforce3d.com\/es\/deporte-y-alto-rendimiento\/","title":{"rendered":"Deporte y alto rendimiento"},"content":{"rendered":"\t\t<div data-elementor-type=\"wp-page\" data-elementor-id=\"5035\" class=\"elementor elementor-5035 elementor-3142\" data-elementor-post-type=\"page\">\n\t\t\t\t<div class=\"elementor-element elementor-element-37d71479 e-flex e-con-boxed e-con e-parent\" data-id=\"37d71479\" data-element_type=\"container\" data-e-type=\"container\">\n\t\t\t\t\t<div class=\"e-con-inner\">\n\t\t\t\t<div class=\"elementor-element elementor-element-6ae3ad94 elementor-widget elementor-widget-heading\" data-id=\"6ae3ad94\" data-element_type=\"widget\" data-e-type=\"widget\" data-widget_type=\"heading.default\">\n\t\t\t\t\t<h2 class=\"elementor-heading-title elementor-size-default\">Supera los l\u00edmites. <span class=\"r3dblack\">Sin traspasarlos.<\/span><\/h2>\t\t\t\t<\/div>\n\t\t\t\t<div class=\"elementor-element elementor-element-75e3913f elementor-widget elementor-widget-text-editor\" data-id=\"75e3913f\" data-element_type=\"widget\" data-e-type=\"widget\" data-widget_type=\"text-editor.default\">\n\t\t\t\t\t\t\t\t\t<p style=\"font-weight: 400;\">Desde el ciclismo hasta el equipamiento de protecci\u00f3n, CFIP ofrece a las marcas de alto rendimiento la posibilidad de crear productos m\u00e1s ligeros, m\u00e1s resistentes y dise\u00f1ados para entornos extremos.<\/p>\t\t\t\t\t\t\t\t<\/div>\n\t\t\t\t\t<\/div>\n\t\t\t\t<\/div>\n\t\t<div class=\"elementor-element elementor-element-4697aeb e-flex e-con-boxed e-con e-parent\" data-id=\"4697aeb\" data-element_type=\"container\" data-e-type=\"container\">\n\t\t\t\t\t<div class=\"e-con-inner\">\n\t\t<div class=\"elementor-element elementor-element-24fbe08 e-con-full e-flex e-con e-child\" data-id=\"24fbe08\" data-element_type=\"container\" data-e-type=\"container\">\n\t\t<div class=\"elementor-element elementor-element-4af6c84 e-con-full e-flex e-con e-child\" data-id=\"4af6c84\" data-element_type=\"container\" data-e-type=\"container\" data-settings=\"{&quot;background_background&quot;:&quot;classic&quot;}\">\n\t\t\t\t<div class=\"elementor-element elementor-element-61e78e8 elementor-widget elementor-widget-heading\" data-id=\"61e78e8\" data-element_type=\"widget\" data-e-type=\"widget\" data-widget_type=\"heading.default\">\n\t\t\t\t\t<h2 class=\"elementor-heading-title elementor-size-default\">Aplicaciones<\/h2>\t\t\t\t<\/div>\n\t\t\t\t<div class=\"elementor-element elementor-element-3350850 elementor-widget elementor-widget-heading\" data-id=\"3350850\" data-element_type=\"widget\" data-e-type=\"widget\" data-widget_type=\"heading.default\">\n\t\t\t\t\t<h3 class=\"elementor-heading-title elementor-size-default\">Insertos para cuadros de bicicleta<\/h3>\t\t\t\t<\/div>\n\t\t\t\t<\/div>\n\t\t<div class=\"elementor-element elementor-element-14530dd e-con-full e-flex e-con e-child\" data-id=\"14530dd\" data-element_type=\"container\" data-e-type=\"container\" data-settings=\"{&quot;background_background&quot;:&quot;classic&quot;}\">\n\t\t\t\t<div class=\"elementor-element elementor-element-ef05d60 elementor-widget elementor-widget-heading\" data-id=\"ef05d60\" data-element_type=\"widget\" data-e-type=\"widget\" data-widget_type=\"heading.default\">\n\t\t\t\t\t<h2 class=\"elementor-heading-title elementor-size-default\">Aplicaciones<\/h2>\t\t\t\t<\/div>\n\t\t\t\t<div class=\"elementor-element elementor-element-abb2cb8 elementor-widget elementor-widget-heading\" data-id=\"abb2cb8\" data-element_type=\"widget\" data-e-type=\"widget\" data-widget_type=\"heading.default\">\n\t\t\t\t\t<h3 class=\"elementor-heading-title elementor-size-default\">Cascos a medida<\/h3>\t\t\t\t<\/div>\n\t\t\t\t<\/div>\n\t\t<div class=\"elementor-element elementor-element-bc761fa e-con-full e-flex e-con e-child\" data-id=\"bc761fa\" data-element_type=\"container\" data-e-type=\"container\" data-settings=\"{&quot;background_background&quot;:&quot;classic&quot;}\">\n\t\t\t\t<div class=\"elementor-element elementor-element-5cf8ffe elementor-widget elementor-widget-heading\" data-id=\"5cf8ffe\" data-element_type=\"widget\" data-e-type=\"widget\" data-widget_type=\"heading.default\">\n\t\t\t\t\t<h2 class=\"elementor-heading-title elementor-size-default\">Aplicaciones<\/h2>\t\t\t\t<\/div>\n\t\t\t\t<div class=\"elementor-element elementor-element-cc4c443 elementor-widget elementor-widget-heading\" data-id=\"cc4c443\" data-element_type=\"widget\" data-e-type=\"widget\" data-widget_type=\"heading.default\">\n\t\t\t\t\t<h3 class=\"elementor-heading-title elementor-size-default\">Componentes para raquetas o tablas<\/h3>\t\t\t\t<\/div>\n\t\t\t\t<div class=\"elementor-element elementor-element-33dae74 elementor-widget elementor-widget-image\" data-id=\"33dae74\" data-element_type=\"widget\" data-e-type=\"widget\" data-widget_type=\"image.default\">\n\t\t\t\t\t\t\t\t\t\t\t\t\t\t\t<img fetchpriority=\"high\" decoding=\"async\" width=\"800\" height=\"740\" src=\"https:\/\/reinforce3d.com\/wp-content\/uploads\/2025\/11\/ezgif-244322c664c11a5b-2.gif\" class=\"attachment-large size-large wp-image-4759\" alt=\"\" \/>\t\t\t\t\t\t\t\t\t\t\t\t\t\t\t<\/div>\n\t\t\t\t<\/div>\n\t\t\t\t<\/div>\n\t\t\t\t\t<\/div>\n\t\t\t\t<\/div>\n\t\t<div class=\"elementor-element elementor-element-b091b18 fullw e-flex e-con-boxed e-con e-parent\" data-id=\"b091b18\" data-element_type=\"container\" data-e-type=\"container\" data-settings=\"{&quot;background_background&quot;:&quot;gradient&quot;}\">\n\t\t\t\t\t<div class=\"e-con-inner\">\n\t\t<div class=\"elementor-element elementor-element-e846a02 e-con-full e-flex e-con e-child\" data-id=\"e846a02\" data-element_type=\"container\" data-e-type=\"container\">\n\t\t\t\t<div class=\"elementor-element elementor-element-8ba41ff elementor-widget elementor-widget-heading\" data-id=\"8ba41ff\" data-element_type=\"widget\" data-e-type=\"widget\" data-widget_type=\"heading.default\">\n\t\t\t\t\t<h2 class=\"elementor-heading-title elementor-size-default\">VENTAJA<\/h2>\t\t\t\t<\/div>\n\t\t\t\t<div class=\"elementor-element elementor-element-794ed08 elementor-widget elementor-widget-heading\" data-id=\"794ed08\" data-element_type=\"widget\" data-e-type=\"widget\" data-widget_type=\"heading.default\">\n\t\t\t\t\t<h3 class=\"elementor-heading-title elementor-size-default\">Mayor durabilidad con un aumento m\u00ednimo de peso<\/h3>\t\t\t\t<\/div>\n\t\t\t\t<\/div>\n\t\t<div class=\"elementor-element elementor-element-7342f85 e-con-full e-flex e-con e-child\" data-id=\"7342f85\" data-element_type=\"container\" data-e-type=\"container\">\n\t\t\t\t<\/div>\n\t\t\t\t\t<\/div>\n\t\t\t\t<\/div>\n\t\t\t\t<\/div>\n\t\t","protected":false},"excerpt":{"rendered":"<p>Supera los l\u00edmites. Sin traspasarlos. Desde el ciclismo hasta el equipamiento de protecci\u00f3n, CFIP ofrece a las marcas de alto rendimiento la posibilidad de crear productos m\u00e1s ligeros, m\u00e1s resistentes y dise\u00f1ados para entornos extremos. Aplicaciones Insertos para cuadros de bicicleta Aplicaciones Cascos a medida Aplicaciones Componentes para raquetas o tablas VENTAJA Mayor durabilidad con [&hellip;]<\/p>\n","protected":false},"author":6,"featured_media":5036,"parent":0,"menu_order":0,"comment_status":"closed","ping_status":"closed","template":"","meta":{"_acf_changed":false,"inline_featured_image":false,"footnotes":""},"class_list":["post-5035","page","type-page","status-publish","has-post-thumbnail","hentry"],"acf":[],"_links":{"self":[{"href":"https:\/\/reinforce3d.com\/es\/wp-json\/wp\/v2\/pages\/5035","targetHints":{"allow":["GET"]}}],"collection":[{"href":"https:\/\/reinforce3d.com\/es\/wp-json\/wp\/v2\/pages"}],"about":[{"href":"https:\/\/reinforce3d.com\/es\/wp-json\/wp\/v2\/types\/page"}],"author":[{"embeddable":true,"href":"https:\/\/reinforce3d.com\/es\/wp-json\/wp\/v2\/users\/6"}],"replies":[{"embeddable":true,"href":"https:\/\/reinforce3d.com\/es\/wp-json\/wp\/v2\/comments?post=5035"}],"version-history":[{"count":4,"href":"https:\/\/reinforce3d.com\/es\/wp-json\/wp\/v2\/pages\/5035\/revisions"}],"predecessor-version":[{"id":5157,"href":"https:\/\/reinforce3d.com\/es\/wp-json\/wp\/v2\/pages\/5035\/revisions\/5157"}],"wp:featuredmedia":[{"embeddable":true,"href":"https:\/\/reinforce3d.com\/es\/wp-json\/wp\/v2\/media\/5036"}],"wp:attachment":[{"href":"https:\/\/reinforce3d.com\/es\/wp-json\/wp\/v2\/media?parent=5035"}],"curies":[{"name":"wp","href":"https:\/\/api.w.org\/{rel}","templated":true}]}}