{"id":4772,"date":"2025-10-21T16:54:59","date_gmt":"2025-10-21T14:54:59","guid":{"rendered":"https:\/\/reinforce3d.com\/design-checker\/"},"modified":"2026-03-31T09:49:35","modified_gmt":"2026-03-31T07:49:35","slug":"design-checker","status":"publish","type":"page","link":"https:\/\/reinforce3d.com\/es\/design-checker\/","title":{"rendered":"Design Checker"},"content":{"rendered":"\t\t<div data-elementor-type=\"wp-page\" data-elementor-id=\"4772\" class=\"elementor elementor-4772 elementor-48\" data-elementor-post-type=\"page\">\n\t\t\t\t<div class=\"elementor-element elementor-element-42f5d713 e-flex e-con-boxed e-con e-parent\" data-id=\"42f5d713\" data-element_type=\"container\" data-e-type=\"container\">\n\t\t\t\t\t<div class=\"e-con-inner\">\n\t\t<div class=\"elementor-element elementor-element-6ea9e636 e-con-full e-flex e-con e-child\" data-id=\"6ea9e636\" data-element_type=\"container\" data-e-type=\"container\">\n\t\t\t\t<div class=\"elementor-element elementor-element-292213e5 elementor-widget elementor-widget-heading\" data-id=\"292213e5\" data-element_type=\"widget\" data-e-type=\"widget\" data-widget_type=\"heading.default\">\n\t\t\t\t\t<h2 class=\"elementor-heading-title elementor-size-default\"><span class=\"r3dblack\">Un dise\u00f1o inteligente comienza con<\/span> una validaci\u00f3n a\u00fan m\u00e1s inteligente<\/h2>\t\t\t\t<\/div>\n\t\t\t\t<div class=\"elementor-element elementor-element-19d1804f elementor-widget elementor-widget-text-editor\" data-id=\"19d1804f\" data-element_type=\"widget\" data-e-type=\"widget\" data-widget_type=\"text-editor.default\">\n\t\t\t\t\t\t\t\t\t<p style=\"font-weight: 400;\">Design Checker es una herramienta de an\u00e1lisis propia que garantiza que tus piezas est\u00e9n preparadas para el proceso CFIP, lo que te ayuda a evitar errores costosos, optimizar los recorridos de las fibras y aprovechar al m\u00e1ximo el potencial de refuerzo.<\/p>\t\t\t\t\t\t\t\t<\/div>\n\t\t\t\t<\/div>\n\t\t<div class=\"elementor-element elementor-element-671ac8c2 e-con-full e-flex e-con e-child\" data-id=\"671ac8c2\" data-element_type=\"container\" data-e-type=\"container\">\n\t\t\t\t<div class=\"elementor-element elementor-element-8d0f81d elementor-align-right elementor-widget elementor-widget-button\" data-id=\"8d0f81d\" data-element_type=\"widget\" data-e-type=\"widget\" data-widget_type=\"button.default\">\n\t\t\t\t\t\t\t\t\t\t<a class=\"elementor-button elementor-button-link elementor-size-sm\" href=\"https:\/\/dashboard.reinforce3d.com\/user-management\/login\/?next=\/user-management\/\" target=\"_blank\">\n\t\t\t\t\t\t<span class=\"elementor-button-content-wrapper\">\n\t\t\t\t\t\t<span class=\"elementor-button-icon\">\n\t\t\t\t<svg xmlns=\"http:\/\/www.w3.org\/2000\/svg\" width=\"57\" height=\"57\" viewBox=\"0 0 57 57\" fill=\"none\"><mask id=\"mask0_548_1087\" style=\"mask-type:alpha\" maskUnits=\"userSpaceOnUse\" x=\"0\" y=\"0\" width=\"57\" height=\"57\"><rect width=\"56.559\" height=\"56.559\" fill=\"#D9D9D9\"><\/rect><\/mask><g mask=\"url(#mask0_548_1087)\"><path d=\"M28.8978 38.9291H53.4067C53.878 38.9291 54.3101 38.7327 54.7028 38.34C55.0956 37.9472 55.292 37.5151 55.292 37.0438V15.3629H27.0125V37.0438C27.0125 37.5151 27.2089 37.9472 27.6017 38.34C27.9944 38.7327 28.4265 38.9291 28.8978 38.9291ZM28.8978 40.5788C27.8766 40.5788 27.0322 40.2449 26.3644 39.5772C25.6967 38.9095 25.3629 38.065 25.3629 37.0438V12.5349C25.3629 11.5137 25.6967 10.6693 26.3644 10.0016C27.0322 9.33385 27.8766 9 28.8978 9H53.4067C54.4279 9 55.2724 9.33385 55.9401 10.0016C56.6078 10.6693 56.9416 11.5137 56.9416 12.5349V37.0438C56.9416 38.065 56.6078 38.9095 55.9401 39.5772C55.2724 40.2449 54.4279 40.5788 53.4067 40.5788H28.8978ZM22.5349 46.9416C21.5137 46.9416 20.6693 46.6078 20.0016 45.9401C19.3339 45.2724 19 44.4279 19 43.4067V17.2482H20.6496V43.4067C20.6496 43.878 20.846 44.3101 21.2388 44.7028C21.6316 45.0956 22.0636 45.292 22.5349 45.292H48.6935V46.9416H22.5349Z\" fill=\"#1C1B1F\"><\/path><\/g><\/svg>\t\t\t<\/span>\n\t\t\t\t\t\t\t\t\t<span class=\"elementor-button-text\">Desc\u00fabrelo en acci\u00f3n<\/span>\n\t\t\t\t\t<\/span>\n\t\t\t\t\t<\/a>\n\t\t\t\t\t\t\t\t<\/div>\n\t\t\t\t<\/div>\n\t\t\t\t\t<\/div>\n\t\t\t\t<\/div>\n\t\t<div class=\"elementor-element elementor-element-2385c41 fullw e-flex e-con-boxed e-con e-parent\" data-id=\"2385c41\" data-element_type=\"container\" data-e-type=\"container\">\n\t\t\t\t\t<div class=\"e-con-inner\">\n\t\t<div class=\"elementor-element elementor-element-8aff944 e-con-full e-flex e-con e-child\" data-id=\"8aff944\" data-element_type=\"container\" data-e-type=\"container\">\n\t\t\t\t<div class=\"elementor-element elementor-element-60eabf8 elementor-widget__width-inherit elementor-widget elementor-widget-heading\" data-id=\"60eabf8\" data-element_type=\"widget\" data-e-type=\"widget\" data-widget_type=\"heading.default\">\n\t\t\t\t\t<h2 class=\"elementor-heading-title elementor-size-default\">\u00bfQu\u00e9 es DESIGN CHECKER?<\/h2>\t\t\t\t<\/div>\n\t\t\t\t<div class=\"elementor-element elementor-element-c269f45 elementor-widget__width-inherit elementor-widget elementor-widget-heading\" data-id=\"c269f45\" data-element_type=\"widget\" data-e-type=\"widget\" data-widget_type=\"heading.default\">\n\t\t\t\t\t<h2 class=\"elementor-heading-title elementor-size-default\">Tu asistente digital para la optimizaci\u00f3n de CFIP<\/h2>\t\t\t\t<\/div>\n\t\t\t\t<div class=\"elementor-element elementor-element-8950ba5 elementor-widget elementor-widget-text-editor\" data-id=\"8950ba5\" data-element_type=\"widget\" data-e-type=\"widget\" data-widget_type=\"text-editor.default\">\n\t\t\t\t\t\t\t\t\t<p style=\"font-weight: 400;\">Antes de inyectar fibras, valida el dise\u00f1o. El Design Checker es un m\u00f3dulo de software ligero que revisa tus modelos 3D e identifica si la geometr\u00eda es compatible con la inyecci\u00f3n continua de fibra. Detecta autom\u00e1ticamente los canales de refuerzo, eval\u00faa las trayectorias de flujo y se\u00f1ala los problemas de impresi\u00f3n.<\/p><p><br \/><br \/><\/p><ul role=\"list\"><li>Escaneo autom\u00e1tico de la geometr\u00eda para detectar trayectorias huecas o tubulares<\/li><li>Simulaci\u00f3n de la viabilidad de la inyecci\u00f3n de fibra<\/li><li>Sugerencias de optimizaci\u00f3n para zonas cr\u00edticas en cuanto a tensiones<\/li><li>Compatibilidad con archivos STL, STEP, OBJ y CAD nativos<\/li><\/ul>\t\t\t\t\t\t\t\t<\/div>\n\t\t\t\t<\/div>\n\t\t<div class=\"elementor-element elementor-element-80b2337 e-con-full e-flex e-con e-child\" data-id=\"80b2337\" data-element_type=\"container\" data-e-type=\"container\">\n\t\t\t\t<div class=\"elementor-element elementor-element-2fcae71 elementor-widget elementor-widget-image\" data-id=\"2fcae71\" data-element_type=\"widget\" data-e-type=\"widget\" data-widget_type=\"image.default\">\n\t\t\t\t\t\t\t\t\t\t\t\t\t\t\t<img fetchpriority=\"high\" decoding=\"async\" width=\"712\" height=\"511\" src=\"https:\/\/reinforce3d.com\/wp-content\/uploads\/2025\/11\/Rectangle-1276-3.png\" class=\"attachment-full size-full wp-image-4776\" alt=\"\" srcset=\"https:\/\/reinforce3d.com\/wp-content\/uploads\/2025\/11\/Rectangle-1276-3.png 712w, https:\/\/reinforce3d.com\/wp-content\/uploads\/2025\/11\/Rectangle-1276-3-300x215.png 300w\" sizes=\"(max-width: 712px) 100vw, 712px\" \/>\t\t\t\t\t\t\t\t\t\t\t\t\t\t\t<\/div>\n\t\t\t\t<\/div>\n\t\t\t\t\t<\/div>\n\t\t\t\t<\/div>\n\t\t<div class=\"elementor-element elementor-element-154e6d37 fullw e-flex e-con-boxed e-con e-parent\" data-id=\"154e6d37\" data-element_type=\"container\" data-e-type=\"container\">\n\t\t\t\t\t<div class=\"e-con-inner\">\n\t\t<div class=\"elementor-element elementor-element-1b2c30d6 e-con-full e-flex e-con e-child\" data-id=\"1b2c30d6\" data-element_type=\"container\" data-e-type=\"container\">\n\t\t\t\t<div class=\"elementor-element elementor-element-43c92dd0 elementor-widget elementor-widget-image\" data-id=\"43c92dd0\" data-element_type=\"widget\" data-e-type=\"widget\" data-widget_type=\"image.default\">\n\t\t\t\t\t\t\t\t\t\t\t\t\t\t\t<img decoding=\"async\" width=\"615\" height=\"511\" src=\"https:\/\/reinforce3d.com\/wp-content\/uploads\/2025\/11\/Rectangle-1276-4.png\" class=\"attachment-full size-full wp-image-4775\" alt=\"\" srcset=\"https:\/\/reinforce3d.com\/wp-content\/uploads\/2025\/11\/Rectangle-1276-4.png 615w, https:\/\/reinforce3d.com\/wp-content\/uploads\/2025\/11\/Rectangle-1276-4-300x249.png 300w\" sizes=\"(max-width: 615px) 100vw, 615px\" \/>\t\t\t\t\t\t\t\t\t\t\t\t\t\t\t<\/div>\n\t\t\t\t<\/div>\n\t\t<div class=\"elementor-element elementor-element-57be017a e-con-full e-flex e-con e-child\" data-id=\"57be017a\" data-element_type=\"container\" data-e-type=\"container\">\n\t\t\t\t<div class=\"elementor-element elementor-element-1d232a6 elementor-widget__width-inherit elementor-widget elementor-widget-heading\" data-id=\"1d232a6\" data-element_type=\"widget\" data-e-type=\"widget\" data-widget_type=\"heading.default\">\n\t\t\t\t\t<h2 class=\"elementor-heading-title elementor-size-default\">\u00bfPor qu\u00e9 es importante?\n<\/h2>\t\t\t\t<\/div>\n\t\t\t\t<div class=\"elementor-element elementor-element-7a556170 elementor-widget__width-inherit elementor-widget elementor-widget-heading\" data-id=\"7a556170\" data-element_type=\"widget\" data-e-type=\"widget\" data-widget_type=\"heading.default\">\n\t\t\t\t\t<h2 class=\"elementor-heading-title elementor-size-default\">Dise\u00f1a varias versiones, fabrica una sola vez, refuerza correctamente.\n<\/h2>\t\t\t\t<\/div>\n\t\t\t\t<div class=\"elementor-element elementor-element-5928d389 elementor-widget elementor-widget-text-editor\" data-id=\"5928d389\" data-element_type=\"widget\" data-e-type=\"widget\" data-widget_type=\"text-editor.default\">\n\t\t\t\t\t\t\t\t\t<p style=\"font-weight: 400;\">En la impresi\u00f3n 3D tradicional, el proceso de prueba y error resulta costoso. Cuando se trabaja con refuerzo de fibra de carbono, es fundamental acertar con el dise\u00f1o a la primera. El Design Checker ahorra tiempo y material al validar los dise\u00f1os antes de que pasen a la impresora o a la m\u00e1quina CFIP.<\/p><p>Resultados:<\/p><ul><li>Reducir los fallos de impresi\u00f3n y los desajustes en el refuerzo<\/li><li><p style=\"font-weight: 400;\">Mejorar el rendimiento mec\u00e1nico mediante una geometr\u00eda alineada con la fibra<\/p><\/li><li>Permitir la validaci\u00f3n escalable de piezas en m\u00faltiples proyectos<\/li><\/ul>\t\t\t\t\t\t\t\t<\/div>\n\t\t\t\t<\/div>\n\t\t\t\t\t<\/div>\n\t\t\t\t<\/div>\n\t\t<div class=\"elementor-element elementor-element-58bbba3 e-con-full e-flex e-con e-parent\" data-id=\"58bbba3\" data-element_type=\"container\" data-e-type=\"container\" data-settings=\"{&quot;background_background&quot;:&quot;classic&quot;}\">\n\t\t\t\t<div class=\"elementor-element elementor-element-99b6b2c elementor-widget elementor-widget-image\" data-id=\"99b6b2c\" data-element_type=\"widget\" data-e-type=\"widget\" data-widget_type=\"image.default\">\n\t\t\t\t\t\t\t\t\t\t\t\t\t\t\t<img decoding=\"async\" src=\"https:\/\/new.reinforce3d.com\/wp-content\/uploads\/2025\/10\/logo_hex.png\" title=\"\" alt=\"\" loading=\"lazy\" \/>\t\t\t\t\t\t\t\t\t\t\t\t\t\t\t<\/div>\n\t\t<div class=\"elementor-element elementor-element-eb7ef10 e-flex e-con-boxed e-con e-child\" data-id=\"eb7ef10\" data-element_type=\"container\" data-e-type=\"container\">\n\t\t\t\t\t<div class=\"e-con-inner\">\n\t\t\t\t<div class=\"elementor-element elementor-element-6cd62b1 elementor-widget elementor-widget-heading\" data-id=\"6cd62b1\" data-element_type=\"widget\" data-e-type=\"widget\" data-widget_type=\"heading.default\">\n\t\t\t\t\t<h2 class=\"elementor-heading-title elementor-size-default\"><span class=\"grunderline grunderline-48\">Compatible<\/span> <span class=\"grunderline grunderline-48\">con<\/span> su<br>flujo de trabajo actual<\/h2>\t\t\t\t<\/div>\n\t\t\t\t<div class=\"elementor-element elementor-element-da8a4aa elementor-widget elementor-widget-text-editor\" data-id=\"da8a4aa\" data-element_type=\"widget\" data-e-type=\"widget\" data-widget_type=\"text-editor.default\">\n\t\t\t\t\t\t\t\t\t<p style=\"font-weight: 400;\">Design Checker se integra con herramientas de dise\u00f1o est\u00e1ndar y hardware CFIP. Tanto si es ingeniero de dise\u00f1o, desarrollador de productos o t\u00e9cnico de producci\u00f3n, puede utilizarlo para optimizar la preparaci\u00f3n de piezas y ampliar la adopci\u00f3n de CFIP.<\/p>\t\t\t\t\t\t\t\t<\/div>\n\t\t\t\t\t<\/div>\n\t\t\t\t<\/div>\n\t\t\t\t<\/div>\n\t\t<div class=\"elementor-element elementor-element-79756c8 e-flex e-con-boxed e-con e-parent\" data-id=\"79756c8\" data-element_type=\"container\" data-e-type=\"container\">\n\t\t\t\t\t<div class=\"e-con-inner\">\n\t\t\t\t<div class=\"elementor-element elementor-element-8495a1c elementor-widget elementor-widget-heading\" data-id=\"8495a1c\" data-element_type=\"widget\" data-e-type=\"widget\" data-widget_type=\"heading.default\">\n\t\t\t\t\t<h2 class=\"elementor-heading-title elementor-size-default\">Ejemplo de caso pr\u00e1ctico \/ testimonios <\/h2>\t\t\t\t<\/div>\n\t\t\t\t<div class=\"elementor-element elementor-element-58a9adb elementor-widget elementor-widget-heading\" data-id=\"58a9adb\" data-element_type=\"widget\" data-e-type=\"widget\" data-widget_type=\"heading.default\">\n\t\t\t\t\t<h2 class=\"elementor-heading-title elementor-size-default\">Construido con un prop\u00f3sito. Validado por la industria. <\/h2>\t\t\t\t<\/div>\n\t\t\t\t\t<\/div>\n\t\t\t\t<\/div>\n\t\t<div class=\"elementor-element elementor-element-a463357 e-con-full fullw e-flex e-con e-parent\" data-id=\"a463357\" data-element_type=\"container\" data-e-type=\"container\" data-settings=\"{&quot;background_background&quot;:&quot;classic&quot;}\">\n\t\t<div class=\"elementor-element elementor-element-01be3b7 e-con-full e-flex e-con e-child\" data-id=\"01be3b7\" data-element_type=\"container\" data-e-type=\"container\">\n\t\t\t\t<div class=\"elementor-element elementor-element-c06f5cc elementor-widget elementor-widget-image\" data-id=\"c06f5cc\" data-element_type=\"widget\" data-e-type=\"widget\" data-widget_type=\"image.default\">\n\t\t\t\t\t\t\t\t\t\t\t\t\t\t\t<img decoding=\"async\" width=\"698\" height=\"523\" src=\"https:\/\/reinforce3d.com\/wp-content\/uploads\/2025\/11\/Group-71-1.png\" class=\"attachment-full size-full wp-image-4778\" alt=\"\" srcset=\"https:\/\/reinforce3d.com\/wp-content\/uploads\/2025\/11\/Group-71-1.png 698w, https:\/\/reinforce3d.com\/wp-content\/uploads\/2025\/11\/Group-71-1-300x225.png 300w\" sizes=\"(max-width: 698px) 100vw, 698px\" \/>\t\t\t\t\t\t\t\t\t\t\t\t\t\t\t<\/div>\n\t\t\t\t<\/div>\n\t\t<div class=\"elementor-element elementor-element-27b839c e-con-full e-flex e-con e-child\" data-id=\"27b839c\" data-element_type=\"container\" data-e-type=\"container\">\n\t\t\t\t<div class=\"elementor-element elementor-element-33928dc elementor-widget__width-inherit elementor-widget elementor-widget-heading\" data-id=\"33928dc\" data-element_type=\"widget\" data-e-type=\"widget\" data-widget_type=\"heading.default\">\n\t\t\t\t\t<h4 class=\"elementor-heading-title elementor-size-default\">Un proveedor del sector de la automoci\u00f3n utiliz\u00f3 Design Checker para validar 16 piezas destinadas a la inyecci\u00f3n de fibra de carbono en menos de 24 horas, lo que redujo las comprobaciones manuales y los fallos de impresi\u00f3n en un 80 %.<\/h4>\t\t\t\t<\/div>\n\t\t\t\t<div class=\"elementor-element elementor-element-1edaa7b elementor-widget elementor-widget-text-editor\" data-id=\"1edaa7b\" data-element_type=\"widget\" data-e-type=\"widget\" data-widget_type=\"text-editor.default\">\n\t\t\t\t\t\t\t\t\t<p>Resumen del impacto:<\/p><ul role=\"list\"><li>Ciclo de validaci\u00f3n cuatro veces m\u00e1s r\u00e1pido<\/li><li>Reducci\u00f3n del 25 % en el tiempo de desarrollo del dise\u00f1o<\/li><li>Geometr\u00edas listas para imprimir con l\u00f3gica de fibra integrada<\/li><\/ul>\t\t\t\t\t\t\t\t<\/div>\n\t\t\t\t<\/div>\n\t\t\t\t<\/div>\n\t\t\t\t<\/div>\n\t\t","protected":false},"excerpt":{"rendered":"<p>Un dise\u00f1o inteligente comienza con una validaci\u00f3n a\u00fan m\u00e1s inteligente Design Checker es una herramienta de an\u00e1lisis propia que garantiza que tus piezas est\u00e9n preparadas para el proceso CFIP, lo que te ayuda a evitar errores costosos, optimizar los recorridos de las fibras y aprovechar al m\u00e1ximo el potencial de refuerzo. Desc\u00fabrelo en acci\u00f3n \u00bfQu\u00e9 [&hellip;]<\/p>\n","protected":false},"author":2,"featured_media":4773,"parent":0,"menu_order":0,"comment_status":"closed","ping_status":"closed","template":"","meta":{"_acf_changed":false,"inline_featured_image":false,"footnotes":""},"class_list":["post-4772","page","type-page","status-publish","has-post-thumbnail","hentry"],"acf":[],"_links":{"self":[{"href":"https:\/\/reinforce3d.com\/es\/wp-json\/wp\/v2\/pages\/4772","targetHints":{"allow":["GET"]}}],"collection":[{"href":"https:\/\/reinforce3d.com\/es\/wp-json\/wp\/v2\/pages"}],"about":[{"href":"https:\/\/reinforce3d.com\/es\/wp-json\/wp\/v2\/types\/page"}],"author":[{"embeddable":true,"href":"https:\/\/reinforce3d.com\/es\/wp-json\/wp\/v2\/users\/2"}],"replies":[{"embeddable":true,"href":"https:\/\/reinforce3d.com\/es\/wp-json\/wp\/v2\/comments?post=4772"}],"version-history":[{"count":4,"href":"https:\/\/reinforce3d.com\/es\/wp-json\/wp\/v2\/pages\/4772\/revisions"}],"predecessor-version":[{"id":5143,"href":"https:\/\/reinforce3d.com\/es\/wp-json\/wp\/v2\/pages\/4772\/revisions\/5143"}],"wp:featuredmedia":[{"embeddable":true,"href":"https:\/\/reinforce3d.com\/es\/wp-json\/wp\/v2\/media\/4773"}],"wp:attachment":[{"href":"https:\/\/reinforce3d.com\/es\/wp-json\/wp\/v2\/media?parent=4772"}],"curies":[{"name":"wp","href":"https:\/\/api.w.org\/{rel}","templated":true}]}}