{"id":4750,"date":"2025-10-21T16:57:10","date_gmt":"2025-10-21T14:57:10","guid":{"rendered":"https:\/\/reinforce3d.com\/automocion\/"},"modified":"2026-03-31T10:20:19","modified_gmt":"2026-03-31T08:20:19","slug":"automocion","status":"publish","type":"page","link":"https:\/\/reinforce3d.com\/es\/automocion\/","title":{"rendered":"Automoci\u00f3n"},"content":{"rendered":"\t\t<div data-elementor-type=\"wp-page\" data-elementor-id=\"4750\" class=\"elementor elementor-4750 elementor-42\" data-elementor-post-type=\"page\">\n\t\t\t\t<div class=\"elementor-element elementor-element-37d71479 e-flex e-con-boxed e-con e-parent\" data-id=\"37d71479\" data-element_type=\"container\" data-e-type=\"container\">\n\t\t\t\t\t<div class=\"e-con-inner\">\n\t\t\t\t<div class=\"elementor-element elementor-element-6ae3ad94 elementor-widget elementor-widget-heading\" data-id=\"6ae3ad94\" data-element_type=\"widget\" data-e-type=\"widget\" data-widget_type=\"heading.default\">\n\t\t\t\t\t<h2 class=\"elementor-heading-title elementor-size-default\">Reforzar la movilidad <span class=\"r3dblack\">sin necesidad de redise\u00f1ar<\/span><\/h2>\t\t\t\t<\/div>\n\t\t\t\t<div class=\"elementor-element elementor-element-75e3913f elementor-widget elementor-widget-text-editor\" data-id=\"75e3913f\" data-element_type=\"widget\" data-e-type=\"widget\" data-widget_type=\"text-editor.default\">\n\t\t\t\t\t\t\t\t\t<p style=\"font-weight: 400;\">Los ingenieros de automoci\u00f3n utilizan el CFIP para reforzar los componentes sin renunciar a la flexibilidad de dise\u00f1o ni a la velocidad de producci\u00f3n. Ideal para plataformas de veh\u00edculos el\u00e9ctricos, utillaje a medida y piezas estructurales que requieren una reducci\u00f3n de peso.<\/p>\t\t\t\t\t\t\t\t<\/div>\n\t\t\t\t\t<\/div>\n\t\t\t\t<\/div>\n\t\t<div class=\"elementor-element elementor-element-b9b00c5 e-flex e-con-boxed e-con e-parent\" data-id=\"b9b00c5\" data-element_type=\"container\" data-e-type=\"container\">\n\t\t\t\t\t<div class=\"e-con-inner\">\n\t\t<div class=\"elementor-element elementor-element-bee224b e-con-full e-flex e-con e-child\" data-id=\"bee224b\" data-element_type=\"container\" data-e-type=\"container\">\n\t\t<div class=\"elementor-element elementor-element-bfe0e11 e-con-full e-flex e-con e-child\" data-id=\"bfe0e11\" data-element_type=\"container\" data-e-type=\"container\" data-settings=\"{&quot;background_background&quot;:&quot;classic&quot;}\">\n\t\t\t\t<div class=\"elementor-element elementor-element-bfb38ca elementor-widget elementor-widget-heading\" data-id=\"bfb38ca\" data-element_type=\"widget\" data-e-type=\"widget\" data-widget_type=\"heading.default\">\n\t\t\t\t\t<h2 class=\"elementor-heading-title elementor-size-default\">APLICACIONES<\/h2>\t\t\t\t<\/div>\n\t\t\t\t<div class=\"elementor-element elementor-element-8921b98 elementor-widget__width-initial elementor-widget elementor-widget-heading\" data-id=\"8921b98\" data-element_type=\"widget\" data-e-type=\"widget\" data-widget_type=\"heading.default\">\n\t\t\t\t\t<h3 class=\"elementor-heading-title elementor-size-default\">Sistemas de canalizaci\u00f3n de climatizaci\u00f3n<\/h3>\t\t\t\t<\/div>\n\t\t\t\t<\/div>\n\t\t<div class=\"elementor-element elementor-element-106067b e-con-full e-flex e-con e-child\" data-id=\"106067b\" data-element_type=\"container\" data-e-type=\"container\" data-settings=\"{&quot;background_background&quot;:&quot;classic&quot;}\">\n\t\t\t\t<div class=\"elementor-element elementor-element-c54361f elementor-widget elementor-widget-heading\" data-id=\"c54361f\" data-element_type=\"widget\" data-e-type=\"widget\" data-widget_type=\"heading.default\">\n\t\t\t\t\t<h2 class=\"elementor-heading-title elementor-size-default\">Aplicaciones<\/h2>\t\t\t\t<\/div>\n\t\t\t\t<div class=\"elementor-element elementor-element-30da9a2 elementor-widget elementor-widget-heading\" data-id=\"30da9a2\" data-element_type=\"widget\" data-e-type=\"widget\" data-widget_type=\"heading.default\">\n\t\t\t\t\t<h3 class=\"elementor-heading-title elementor-size-default\">Componentes de la caja de la bater\u00eda<\/h3>\t\t\t\t<\/div>\n\t\t\t\t<\/div>\n\t\t<div class=\"elementor-element elementor-element-677202d e-con-full e-flex e-con e-child\" data-id=\"677202d\" data-element_type=\"container\" data-e-type=\"container\" data-settings=\"{&quot;background_background&quot;:&quot;classic&quot;}\">\n\t\t\t\t<div class=\"elementor-element elementor-element-d26e794 elementor-widget elementor-widget-heading\" data-id=\"d26e794\" data-element_type=\"widget\" data-e-type=\"widget\" data-widget_type=\"heading.default\">\n\t\t\t\t\t<h2 class=\"elementor-heading-title elementor-size-default\">APLICACIONES<\/h2>\t\t\t\t<\/div>\n\t\t\t\t<div class=\"elementor-element elementor-element-3995f34 elementor-widget elementor-widget-heading\" data-id=\"3995f34\" data-element_type=\"widget\" data-e-type=\"widget\" data-widget_type=\"heading.default\">\n\t\t\t\t\t<h3 class=\"elementor-heading-title elementor-size-default\">Soportes de<br>de protecci\u00f3n<br>contra colisiones<\/h3>\t\t\t\t<\/div>\n\t\t\t\t<\/div>\n\t\t\t\t<\/div>\n\t\t<div class=\"elementor-element elementor-element-a74954f e-con-full e-flex e-con e-child\" data-id=\"a74954f\" data-element_type=\"container\" data-e-type=\"container\" data-settings=\"{&quot;background_background&quot;:&quot;classic&quot;}\">\n\t\t\t\t<div class=\"elementor-element elementor-element-d9ba593 elementor-widget elementor-widget-heading\" data-id=\"d9ba593\" data-element_type=\"widget\" data-e-type=\"widget\" data-widget_type=\"heading.default\">\n\t\t\t\t\t<h2 class=\"elementor-heading-title elementor-size-default\">Aplicaciones<\/h2>\t\t\t\t<\/div>\n\t\t\t\t<div class=\"elementor-element elementor-element-799109a elementor-widget elementor-widget-heading\" data-id=\"799109a\" data-element_type=\"widget\" data-e-type=\"widget\" data-widget_type=\"heading.default\">\n\t\t\t\t\t<h3 class=\"elementor-heading-title elementor-size-default\">Soportes de chasis y piezas aerodin\u00e1micas para automovilismo<\/h3>\t\t\t\t<\/div>\n\t\t\t\t<div class=\"elementor-element elementor-element-885d0f4 elementor-widget elementor-widget-image\" data-id=\"885d0f4\" data-element_type=\"widget\" data-e-type=\"widget\" data-widget_type=\"image.default\">\n\t\t\t\t\t\t\t\t\t\t\t\t\t\t\t<img fetchpriority=\"high\" decoding=\"async\" width=\"800\" height=\"740\" src=\"https:\/\/reinforce3d.com\/wp-content\/uploads\/2025\/11\/ezgif-244322c664c11a5b-2.gif\" class=\"attachment-large size-large wp-image-4759\" alt=\"\" \/>\t\t\t\t\t\t\t\t\t\t\t\t\t\t\t<\/div>\n\t\t\t\t<\/div>\n\t\t\t\t\t<\/div>\n\t\t\t\t<\/div>\n\t\t<div class=\"elementor-element elementor-element-b091b18 e-flex e-con-boxed e-con e-parent\" data-id=\"b091b18\" data-element_type=\"container\" data-e-type=\"container\" data-settings=\"{&quot;background_background&quot;:&quot;gradient&quot;}\">\n\t\t\t\t\t<div class=\"e-con-inner\">\n\t\t<div class=\"elementor-element elementor-element-e846a02 e-con-full e-flex e-con e-child\" data-id=\"e846a02\" data-element_type=\"container\" data-e-type=\"container\">\n\t\t\t\t<div class=\"elementor-element elementor-element-8ba41ff elementor-widget elementor-widget-heading\" data-id=\"8ba41ff\" data-element_type=\"widget\" data-e-type=\"widget\" data-widget_type=\"heading.default\">\n\t\t\t\t\t<h2 class=\"elementor-heading-title elementor-size-default\">VENTAJA<\/h2>\t\t\t\t<\/div>\n\t\t\t\t<div class=\"elementor-element elementor-element-794ed08 elementor-widget elementor-widget-heading\" data-id=\"794ed08\" data-element_type=\"widget\" data-e-type=\"widget\" data-widget_type=\"heading.default\">\n\t\t\t\t\t<h3 class=\"elementor-heading-title elementor-size-default\"><b>Relaciones resistencia-peso superiores<\/b> con pol\u00edmeros de grado t\u00e9cnico, tanto para la producci\u00f3n en serie como para las necesidades del automovilismo de alto rendimiento.<\/h3>\t\t\t\t<\/div>\n\t\t\t\t<\/div>\n\t\t<div class=\"elementor-element elementor-element-7342f85 e-con-full e-flex e-con e-child\" data-id=\"7342f85\" data-element_type=\"container\" data-e-type=\"container\">\n\t\t\t\t<\/div>\n\t\t\t\t\t<\/div>\n\t\t\t\t<\/div>\n\t\t\t\t<\/div>\n\t\t","protected":false},"excerpt":{"rendered":"<p>Reforzar la movilidad sin necesidad de redise\u00f1ar Los ingenieros de automoci\u00f3n utilizan el CFIP para reforzar los componentes sin renunciar a la flexibilidad de dise\u00f1o ni a la velocidad de producci\u00f3n. Ideal para plataformas de veh\u00edculos el\u00e9ctricos, utillaje a medida y piezas estructurales que requieren una reducci\u00f3n de peso. APLICACIONES Sistemas de canalizaci\u00f3n de climatizaci\u00f3n [&hellip;]<\/p>\n","protected":false},"author":2,"featured_media":4751,"parent":0,"menu_order":0,"comment_status":"closed","ping_status":"closed","template":"","meta":{"_acf_changed":false,"inline_featured_image":false,"footnotes":""},"class_list":["post-4750","page","type-page","status-publish","has-post-thumbnail","hentry"],"acf":[],"_links":{"self":[{"href":"https:\/\/reinforce3d.com\/es\/wp-json\/wp\/v2\/pages\/4750","targetHints":{"allow":["GET"]}}],"collection":[{"href":"https:\/\/reinforce3d.com\/es\/wp-json\/wp\/v2\/pages"}],"about":[{"href":"https:\/\/reinforce3d.com\/es\/wp-json\/wp\/v2\/types\/page"}],"author":[{"embeddable":true,"href":"https:\/\/reinforce3d.com\/es\/wp-json\/wp\/v2\/users\/2"}],"replies":[{"embeddable":true,"href":"https:\/\/reinforce3d.com\/es\/wp-json\/wp\/v2\/comments?post=4750"}],"version-history":[{"count":4,"href":"https:\/\/reinforce3d.com\/es\/wp-json\/wp\/v2\/pages\/4750\/revisions"}],"predecessor-version":[{"id":5147,"href":"https:\/\/reinforce3d.com\/es\/wp-json\/wp\/v2\/pages\/4750\/revisions\/5147"}],"wp:featuredmedia":[{"embeddable":true,"href":"https:\/\/reinforce3d.com\/es\/wp-json\/wp\/v2\/media\/4751"}],"wp:attachment":[{"href":"https:\/\/reinforce3d.com\/es\/wp-json\/wp\/v2\/media?parent=4750"}],"curies":[{"name":"wp","href":"https:\/\/api.w.org\/{rel}","templated":true}]}}